{"id":55278,"date":"2021-11-16T11:32:39","date_gmt":"2021-11-16T10:32:39","guid":{"rendered":"https:\/\/alpscigar.com\/?post_type=product&#038;p=55278"},"modified":"2023-11-09T09:00:05","modified_gmt":"2023-11-09T08:00:05","slug":"perdomo-reserve-10th-anniversary-connecticut-puritos-5","status":"publish","type":"product","link":"https:\/\/beta.alpscigar.com\/zh\/shop\/nicaraguan-cigars\/perdomo\/perdomo-reserve-10th-anniversary-connecticut\/perdomo-reserve-10th-anniversary-connecticut-puritos-5\/","title":{"rendered":"Perdomo Reserve 10th Anniversary Connecticut Puritos (5)"},"content":{"rendered":"<p>La magnifique cape de couleur caramel \u00e9cossais du <strong>Perdomo Reserve 10th Anniversary Connecticut Puritos<\/strong> \u00e9quatorien, d\u00e9gage de douces notes de cr\u00e8me et de miel. La sous-cape et les tripes nicaraguayennes de graines cubaines offrent des ar\u00f4mes riches avec des nuances de ch\u00eane. La combinaison du m\u00e9lange offre des saveurs \u00e9l\u00e9gantes et complexes pour une finition soyeuse et lisse.<\/p>","protected":false},"excerpt":{"rendered":"<p>Bo\u00eete de 5 cigares.<\/p>","protected":false},"featured_media":55342,"template":"","meta":{"_acf_changed":false},"product_cat":[24791,24638,24035,24541,24907],"product_tag":[24908,24909],"bundled_by":[],"bundle_stock_status":"instock","bundle_stock_quantity":null,"bundle_virtual":false,"bundle_layout":"","bundle_add_to_cart_form_location":"","bundle_editable_in_cart":false,"bundle_sold_individually_context":"","bundle_item_grouping":"","bundle_min_size":"","bundle_max_size":"","bundled_items":[],"acf":[],"_links":{"self":[{"href":"https:\/\/beta.alpscigar.com\/zh\/wp-json\/wp\/v2\/product\/55278"}],"collection":[{"href":"https:\/\/beta.alpscigar.com\/zh\/wp-json\/wp\/v2\/product"}],"about":[{"href":"https:\/\/beta.alpscigar.com\/zh\/wp-json\/wp\/v2\/types\/product"}],"wp:featuredmedia":[{"embeddable":true,"href":"https:\/\/beta.alpscigar.com\/zh\/wp-json\/wp\/v2\/media\/55342"}],"wp:attachment":[{"href":"https:\/\/beta.alpscigar.com\/zh\/wp-json\/wp\/v2\/media?parent=55278"}],"wp:term":[{"taxonomy":"product_cat","embeddable":true,"href":"https:\/\/beta.alpscigar.com\/zh\/wp-json\/wp\/v2\/product_cat?post=55278"},{"taxonomy":"product_tag","embeddable":true,"href":"https:\/\/beta.alpscigar.com\/zh\/wp-json\/wp\/v2\/product_tag?post=55278"}],"curies":[{"name":"wp","href":"https:\/\/api.w.org\/{rel}","templated":true}]}}