{"id":57789,"date":"2022-01-31T10:54:37","date_gmt":"2022-01-31T09:54:37","guid":{"rendered":"https:\/\/alpscigar.com\/?post_type=product&#038;p=57789"},"modified":"2023-09-06T03:47:56","modified_gmt":"2023-09-06T02:47:56","slug":"flor-de-selva-ano-del-tigre-2022-10","status":"publish","type":"product","link":"https:\/\/beta.alpscigar.com\/zh\/shop\/honduran-cigars\/flor-de-selva\/flor-de-selva-ano-del-tigre-2022-10\/","title":{"rendered":"Flor De Selva A\u00f1o Del Tigre 2022 (10)"},"content":{"rendered":"<p>Depuis 2018, Maya Selva Cigars a sorti des \u00e9ditions limit\u00e9es qui c\u00e9l\u00e8brent le nouvel an chinois. Ces m\u00e9langes sp\u00e9ciaux sont un hommage \u00e0 la tradition des cigares artisanaux. Le tabac du Flor De Selva A\u00f1o del Tigre 2022 est cueilli \u00e0 la main dans la vall\u00e9e de Jamastr\u00e1n au Honduras.<\/p>\n<p>Le design de la ligne combine des motifs traditionnels chinois avec des hi\u00e9roglyphes mayas. La faune des anciens Mayas, comme celle des Chinois, s&rsquo;est av\u00e9r\u00e9e jouer un r\u00f4le important dans leurs croyances spirituelles, leur symbolisme et leur iconographie. Les Mayas croient que nous sommes tous n\u00e9s avec un \u00ab\u00a0Nahaul\u00a0\u00bb ou esprit animal qui nous guide dans la vie.<\/p>","protected":false},"excerpt":{"rendered":"<p>\u6bcf\u76d2 10 \u652f\u96ea\u8304\u3002<\/p>","protected":false},"featured_media":57788,"template":"","meta":{"_acf_changed":false},"product_cat":[25242,24791,25046],"product_tag":[],"bundled_by":[],"bundle_stock_status":"instock","bundle_stock_quantity":2,"bundle_virtual":false,"bundle_layout":"","bundle_add_to_cart_form_location":"","bundle_editable_in_cart":false,"bundle_sold_individually_context":"","bundle_item_grouping":"","bundle_min_size":"","bundle_max_size":"","bundled_items":[],"acf":[],"_links":{"self":[{"href":"https:\/\/beta.alpscigar.com\/zh\/wp-json\/wp\/v2\/product\/57789"}],"collection":[{"href":"https:\/\/beta.alpscigar.com\/zh\/wp-json\/wp\/v2\/product"}],"about":[{"href":"https:\/\/beta.alpscigar.com\/zh\/wp-json\/wp\/v2\/types\/product"}],"wp:featuredmedia":[{"embeddable":true,"href":"https:\/\/beta.alpscigar.com\/zh\/wp-json\/wp\/v2\/media\/57788"}],"wp:attachment":[{"href":"https:\/\/beta.alpscigar.com\/zh\/wp-json\/wp\/v2\/media?parent=57789"}],"wp:term":[{"taxonomy":"product_cat","embeddable":true,"href":"https:\/\/beta.alpscigar.com\/zh\/wp-json\/wp\/v2\/product_cat?post=57789"},{"taxonomy":"product_tag","embeddable":true,"href":"https:\/\/beta.alpscigar.com\/zh\/wp-json\/wp\/v2\/product_tag?post=57789"}],"curies":[{"name":"wp","href":"https:\/\/api.w.org\/{rel}","templated":true}]}}