{"id":58677,"date":"2022-02-14T13:21:51","date_gmt":"2022-02-14T12:21:51","guid":{"rendered":"https:\/\/alpscigar.com\/shop\/uncategorized\/montecristo-club-5x20\/"},"modified":"2023-12-01T16:31:29","modified_gmt":"2023-12-01T15:31:29","slug":"montecristo-club-5x20","status":"publish","type":"product","link":"https:\/\/beta.alpscigar.com\/zh\/shop\/\u672c\u5468\u4f18\u60e0\/cuba\/montecristo-club-5x20\/","title":{"rendered":"\u8499\u7279\u514b\u91cc\u65af\u6258\u4ff1\u4e50\u90e8\uff085\u00d720\uff09"},"content":{"rendered":"<p><strong>Montecristo Club,<\/strong>\u00a0le go\u00fbt \u00e9pic\u00e9 de la gamme classic Montecristo,\u00a0<strong>concentr\u00e9 dans ce cigarillo produit avec du tabac 100% cubain.\u00a0<\/strong><\/p>\n<p>5 \u76d2 20 \u652f\u96ea\u8304 = 100 \u652f\u8ff7\u4f60\u96ea\u8304\u3002<\/p>","protected":false},"excerpt":{"rendered":"<p>5 \u76d2 20 \u652f\u96ea\u8304 = 100 \u652f\u8ff7\u4f60\u96ea\u8304\u3002<\/p>","protected":false},"featured_media":58676,"template":"","meta":{"_acf_changed":false},"product_cat":[24791,21990,24718,40,14865],"product_tag":[],"bundled_by":[],"bundle_stock_status":"instock","bundle_stock_quantity":26,"bundle_virtual":false,"bundle_layout":"","bundle_add_to_cart_form_location":"","bundle_editable_in_cart":false,"bundle_sold_individually_context":"","bundle_item_grouping":"","bundle_min_size":"","bundle_max_size":"","bundled_items":[],"acf":[],"_links":{"self":[{"href":"https:\/\/beta.alpscigar.com\/zh\/wp-json\/wp\/v2\/product\/58677"}],"collection":[{"href":"https:\/\/beta.alpscigar.com\/zh\/wp-json\/wp\/v2\/product"}],"about":[{"href":"https:\/\/beta.alpscigar.com\/zh\/wp-json\/wp\/v2\/types\/product"}],"wp:featuredmedia":[{"embeddable":true,"href":"https:\/\/beta.alpscigar.com\/zh\/wp-json\/wp\/v2\/media\/58676"}],"wp:attachment":[{"href":"https:\/\/beta.alpscigar.com\/zh\/wp-json\/wp\/v2\/media?parent=58677"}],"wp:term":[{"taxonomy":"product_cat","embeddable":true,"href":"https:\/\/beta.alpscigar.com\/zh\/wp-json\/wp\/v2\/product_cat?post=58677"},{"taxonomy":"product_tag","embeddable":true,"href":"https:\/\/beta.alpscigar.com\/zh\/wp-json\/wp\/v2\/product_tag?post=58677"}],"curies":[{"name":"wp","href":"https:\/\/api.w.org\/{rel}","templated":true}]}}