{"id":58682,"date":"2022-02-14T14:12:47","date_gmt":"2022-02-14T13:12:47","guid":{"rendered":"https:\/\/alpscigar.com\/shop\/uncategorized\/montecristo-open-mini-5x20\/"},"modified":"2023-12-05T21:55:18","modified_gmt":"2023-12-05T20:55:18","slug":"montecristo-open-mini-5x20","status":"publish","type":"product","link":"https:\/\/beta.alpscigar.com\/zh\/shop\/\u672c\u5468\u4f18\u60e0\/cuba\/montecristo-open-mini-5x20\/","title":{"rendered":"\u8499\u7279\u514b\u91cc\u65af\u6258\u8ff7\u4f60\u5f00\u653e\u5f0f\uff085\u00d720\uff09"},"content":{"rendered":"<p><strong>Le go\u00fbt des Montecristo Open Mini est plut\u00f4t l\u00e9gers et velout\u00e9,<\/strong> ils sont concentr\u00e9s dans ce cigarillo <strong>produit avec du tabac 100% cubain.<\/strong><\/p>","protected":false},"excerpt":{"rendered":"<p>5 \u76d2 20 \u652f\u96ea\u8304 = 100 \u652f\u8ff7\u4f60\u96ea\u8304\u3002<\/p>","protected":false},"featured_media":58680,"template":"","meta":{"_acf_changed":false},"product_cat":[29739,24791,21990,24718,40,14865],"product_tag":[],"bundled_by":[],"bundle_stock_status":"instock","bundle_stock_quantity":56,"bundle_virtual":false,"bundle_layout":"","bundle_add_to_cart_form_location":"","bundle_editable_in_cart":false,"bundle_sold_individually_context":"","bundle_item_grouping":"","bundle_min_size":"","bundle_max_size":"","bundled_items":[],"acf":[],"_links":{"self":[{"href":"https:\/\/beta.alpscigar.com\/zh\/wp-json\/wp\/v2\/product\/58682"}],"collection":[{"href":"https:\/\/beta.alpscigar.com\/zh\/wp-json\/wp\/v2\/product"}],"about":[{"href":"https:\/\/beta.alpscigar.com\/zh\/wp-json\/wp\/v2\/types\/product"}],"wp:featuredmedia":[{"embeddable":true,"href":"https:\/\/beta.alpscigar.com\/zh\/wp-json\/wp\/v2\/media\/58680"}],"wp:attachment":[{"href":"https:\/\/beta.alpscigar.com\/zh\/wp-json\/wp\/v2\/media?parent=58682"}],"wp:term":[{"taxonomy":"product_cat","embeddable":true,"href":"https:\/\/beta.alpscigar.com\/zh\/wp-json\/wp\/v2\/product_cat?post=58682"},{"taxonomy":"product_tag","embeddable":true,"href":"https:\/\/beta.alpscigar.com\/zh\/wp-json\/wp\/v2\/product_tag?post=58682"}],"curies":[{"name":"wp","href":"https:\/\/api.w.org\/{rel}","templated":true}]}}