{"id":59233,"date":"2022-02-28T14:40:15","date_gmt":"2022-02-28T13:40:15","guid":{"rendered":"https:\/\/alpscigar.com\/shop\/uncategorized\/asylum-13-hercule-20\/"},"modified":"2023-09-18T16:32:24","modified_gmt":"2023-09-18T15:32:24","slug":"asylum-13-hercule-20","status":"publish","type":"product","link":"https:\/\/beta.alpscigar.com\/zh\/shop\/nicaraguan-cigars\/asylum-13\/asylum-13-hercule-20\/","title":{"rendered":"Asylum 13 Hercule (20)"},"content":{"rendered":"<p>Les cigares <strong>Asylum 13 Hercule<\/strong> sont de v\u00e9ritables puros du Nicaragua. Une cape sombre du Nicaragua entoure une combinaison de feuilles m\u00fbres de graines de havane. Toutes ont pouss\u00e9es sur le sol volcanique et sombre du Nicaragua.<\/p>\n<p>Imm\u00e9diatement apr\u00e8s l&rsquo;allumage, des ar\u00f4mes complexes, moyens \u00e0 complets, attendent le fumeur. De la terre, au cacao, des grains d&rsquo;expresso aux notes douces et \u00e9l\u00e9gantes de poivre. Associ\u00e9 \u00e0 une combustion lente et fra\u00eeche, L&rsquo;Asylum 13 est un cigare \u00e0 ne pas manquer.<\/p>","protected":false},"excerpt":{"rendered":"<p>\u6bcf\u76d2 20 \u652f\u3002<\/p>","protected":false},"featured_media":59230,"template":"","meta":{"_acf_changed":false},"product_cat":[25302,24791,21990,24720,24035],"product_tag":[],"bundled_by":[],"bundle_stock_status":"instock","bundle_stock_quantity":null,"bundle_virtual":false,"bundle_layout":"","bundle_add_to_cart_form_location":"","bundle_editable_in_cart":false,"bundle_sold_individually_context":"","bundle_item_grouping":"","bundle_min_size":"","bundle_max_size":"","bundled_items":[],"acf":[],"_links":{"self":[{"href":"https:\/\/beta.alpscigar.com\/zh\/wp-json\/wp\/v2\/product\/59233"}],"collection":[{"href":"https:\/\/beta.alpscigar.com\/zh\/wp-json\/wp\/v2\/product"}],"about":[{"href":"https:\/\/beta.alpscigar.com\/zh\/wp-json\/wp\/v2\/types\/product"}],"wp:featuredmedia":[{"embeddable":true,"href":"https:\/\/beta.alpscigar.com\/zh\/wp-json\/wp\/v2\/media\/59230"}],"wp:attachment":[{"href":"https:\/\/beta.alpscigar.com\/zh\/wp-json\/wp\/v2\/media?parent=59233"}],"wp:term":[{"taxonomy":"product_cat","embeddable":true,"href":"https:\/\/beta.alpscigar.com\/zh\/wp-json\/wp\/v2\/product_cat?post=59233"},{"taxonomy":"product_tag","embeddable":true,"href":"https:\/\/beta.alpscigar.com\/zh\/wp-json\/wp\/v2\/product_tag?post=59233"}],"curies":[{"name":"wp","href":"https:\/\/api.w.org\/{rel}","templated":true}]}}