{"id":59481,"date":"2022-03-04T16:58:43","date_gmt":"2022-03-04T15:58:43","guid":{"rendered":"https:\/\/alpscigar.com\/shop\/non%20class\u00e9\/guantanamera-decimos-10\/"},"modified":"2023-09-25T14:00:50","modified_gmt":"2023-09-25T13:00:50","slug":"guantanamera-decimos-10","status":"publish","type":"product","link":"https:\/\/beta.alpscigar.com\/zh\/shop\/cigares-cubains\/cigares-guantanamera\/guantanamera-decimos-10\/","title":{"rendered":"Guantanamera Decimos (10)"},"content":{"rendered":"<p>Guantanamera a donn\u00e9 son nom \u00e0 une marque de Habanos qui a \u00e9t\u00e9 lanc\u00e9e sur le march\u00e9 international en 2002. Les Guantanamera Decimos sont cr\u00e9\u00e9s \u00e0 partir de feuilles de la Vuelta Arriba, la seconde grande r\u00e9gion cubaine de production de tabac.<\/p>","protected":false},"excerpt":{"rendered":"<p>\u6bcf\u76d2 10 \u652f\u96ea\u8304\u3002<\/p>","protected":false},"featured_media":59480,"template":"","meta":{"_acf_changed":false},"product_cat":[27384,24791,40],"product_tag":[],"bundled_by":[],"bundle_stock_status":"outofstock","bundle_stock_quantity":0,"bundle_virtual":false,"bundle_layout":"","bundle_add_to_cart_form_location":"","bundle_editable_in_cart":false,"bundle_sold_individually_context":"","bundle_item_grouping":"","bundle_min_size":"","bundle_max_size":"","bundled_items":[],"acf":[],"_links":{"self":[{"href":"https:\/\/beta.alpscigar.com\/zh\/wp-json\/wp\/v2\/product\/59481"}],"collection":[{"href":"https:\/\/beta.alpscigar.com\/zh\/wp-json\/wp\/v2\/product"}],"about":[{"href":"https:\/\/beta.alpscigar.com\/zh\/wp-json\/wp\/v2\/types\/product"}],"wp:featuredmedia":[{"embeddable":true,"href":"https:\/\/beta.alpscigar.com\/zh\/wp-json\/wp\/v2\/media\/59480"}],"wp:attachment":[{"href":"https:\/\/beta.alpscigar.com\/zh\/wp-json\/wp\/v2\/media?parent=59481"}],"wp:term":[{"taxonomy":"product_cat","embeddable":true,"href":"https:\/\/beta.alpscigar.com\/zh\/wp-json\/wp\/v2\/product_cat?post=59481"},{"taxonomy":"product_tag","embeddable":true,"href":"https:\/\/beta.alpscigar.com\/zh\/wp-json\/wp\/v2\/product_tag?post=59481"}],"curies":[{"name":"wp","href":"https:\/\/api.w.org\/{rel}","templated":true}]}}