{"id":62693,"date":"2022-04-26T13:48:52","date_gmt":"2022-04-26T12:48:52","guid":{"rendered":"https:\/\/alpscigar.com\/?post_type=product&#038;p=62693"},"modified":"2023-12-08T01:41:13","modified_gmt":"2023-12-08T00:41:13","slug":"davidoff-tubos-selection-white-3s","status":"publish","type":"product","link":"https:\/\/beta.alpscigar.com\/zh\/shop\/dominican-cigars\/davidoff\/davidoff-tubos-selection-white-3s\/","title":{"rendered":"Davidoff Tubos Selection White 3&rsquo;S"},"content":{"rendered":"<p>L&rsquo;assortiment Davidoff Tubos Selection White contient 3 cigares de la gamme principale : Davidoff Signature No. 2 &#8211; Le format intemporel Panetela retient les notes terreuses et bois\u00e9es de ce m\u00e9lange harmonieux, souligne les ar\u00f4mes floraux et laisse un arri\u00e8re-go\u00fbt particuli\u00e8rement pur et cr\u00e9meux. Davidoff Signature 2000 &#8211;<\/p>\n<p>Toutes les 30 secondes, quelqu&rsquo;un quelque part dans le monde appr\u00e9cie le pourcentage plus \u00e9lev\u00e9 de tabac Piloto, les notes fortes de caf\u00e9 et de bois ainsi que l&rsquo;arri\u00e8re-go\u00fbt cr\u00e9meux des ann\u00e9es 2000 dans leur format corona intemporel.<\/p>\n<p>Davidoff Aniversario Special \u00abR\u00bb &#8211; Le populaire format Robusto Special \u00abR\u00bb, qui se compose de trois types diff\u00e9rents de tabac d&rsquo;incrustation, d&rsquo;une sous-cape \u00e0 base de Piloto Seco et d&rsquo;une cape Connecticut d&rsquo;Equateur, offre un go\u00fbt l\u00e9g\u00e8rement \u00e9pic\u00e9 et terreux d\u00e8s le d\u00e9but. Un \u00e9quilibre entre de riches ar\u00f4mes bois\u00e9s et terreux et des notes intenses de poivre.<\/p>","protected":false},"excerpt":{"rendered":"<p>Assortiment de 3 cigares en tube.<\/p>","protected":false},"featured_media":62691,"template":"","meta":{"_acf_changed":false},"product_cat":[24952,24791,24638,23555,14927,14951],"product_tag":[],"bundled_by":[],"bundle_stock_status":"instock","bundle_stock_quantity":null,"bundle_virtual":false,"bundle_layout":"","bundle_add_to_cart_form_location":"","bundle_editable_in_cart":false,"bundle_sold_individually_context":"","bundle_item_grouping":"","bundle_min_size":"","bundle_max_size":"","bundled_items":[],"acf":[],"_links":{"self":[{"href":"https:\/\/beta.alpscigar.com\/zh\/wp-json\/wp\/v2\/product\/62693"}],"collection":[{"href":"https:\/\/beta.alpscigar.com\/zh\/wp-json\/wp\/v2\/product"}],"about":[{"href":"https:\/\/beta.alpscigar.com\/zh\/wp-json\/wp\/v2\/types\/product"}],"wp:featuredmedia":[{"embeddable":true,"href":"https:\/\/beta.alpscigar.com\/zh\/wp-json\/wp\/v2\/media\/62691"}],"wp:attachment":[{"href":"https:\/\/beta.alpscigar.com\/zh\/wp-json\/wp\/v2\/media?parent=62693"}],"wp:term":[{"taxonomy":"product_cat","embeddable":true,"href":"https:\/\/beta.alpscigar.com\/zh\/wp-json\/wp\/v2\/product_cat?post=62693"},{"taxonomy":"product_tag","embeddable":true,"href":"https:\/\/beta.alpscigar.com\/zh\/wp-json\/wp\/v2\/product_tag?post=62693"}],"curies":[{"name":"wp","href":"https:\/\/api.w.org\/{rel}","templated":true}]}}