{"id":62695,"date":"2022-04-26T14:48:28","date_gmt":"2022-04-26T13:48:28","guid":{"rendered":"https:\/\/alpscigar.com\/?post_type=product&#038;p=62695"},"modified":"2023-12-14T14:55:57","modified_gmt":"2023-12-14T13:55:57","slug":"davidoff-mini-cigarillos-escurio-5-x-20","status":"publish","type":"product","link":"https:\/\/beta.alpscigar.com\/zh\/shop\/other\/davidoff-mini-cigarillos-escurio-5-x-20\/","title":{"rendered":"Davidoff Mini Cigarillos Escurio (5 x 20)"},"content":{"rendered":"<p>Le Davidoff Mini Cigarillos Escurio est inspir\u00e9 par l&rsquo;esprit pionnier de Zino Davidoff et son ouverture \u00e0, nos Master Blenders ont relev\u00e9 un nouveau d\u00e9fi: la cr\u00e9ation d&rsquo;un m\u00e9lange de cigares br\u00e9siliens passionnant qui chouchoute le palais avec des ar\u00f4mes intenses, \u00e9pic\u00e9s et sucr\u00e9s &#8211; combin\u00e9s \u00e0 la finesse et \u00e0 la perfection si typiques de Davidoff.<\/p>","protected":false},"excerpt":{"rendered":"<p>5 \u76d2\uff0c\u6bcf\u76d2 20 \u652f\u3002<\/p>","protected":false},"featured_media":0,"template":"","meta":{"_acf_changed":false},"product_cat":[627],"product_tag":[],"bundled_by":[],"bundle_stock_status":"instock","bundle_stock_quantity":null,"bundle_virtual":false,"bundle_layout":"","bundle_add_to_cart_form_location":"","bundle_editable_in_cart":false,"bundle_sold_individually_context":"","bundle_item_grouping":"","bundle_min_size":"","bundle_max_size":"","bundled_items":[],"acf":[],"_links":{"self":[{"href":"https:\/\/beta.alpscigar.com\/zh\/wp-json\/wp\/v2\/product\/62695"}],"collection":[{"href":"https:\/\/beta.alpscigar.com\/zh\/wp-json\/wp\/v2\/product"}],"about":[{"href":"https:\/\/beta.alpscigar.com\/zh\/wp-json\/wp\/v2\/types\/product"}],"wp:attachment":[{"href":"https:\/\/beta.alpscigar.com\/zh\/wp-json\/wp\/v2\/media?parent=62695"}],"wp:term":[{"taxonomy":"product_cat","embeddable":true,"href":"https:\/\/beta.alpscigar.com\/zh\/wp-json\/wp\/v2\/product_cat?post=62695"},{"taxonomy":"product_tag","embeddable":true,"href":"https:\/\/beta.alpscigar.com\/zh\/wp-json\/wp\/v2\/product_tag?post=62695"}],"curies":[{"name":"wp","href":"https:\/\/api.w.org\/{rel}","templated":true}]}}