{"id":62710,"date":"2022-04-26T14:55:18","date_gmt":"2022-04-26T13:55:18","guid":{"rendered":"https:\/\/alpscigar.com\/?post_type=product&#038;p=62710"},"modified":"2023-12-09T15:25:49","modified_gmt":"2023-12-09T14:25:49","slug":"davidoff-mini-cigarillos-silver-5-x-20","status":"publish","type":"product","link":"https:\/\/beta.alpscigar.com\/zh\/shop\/dominican-cigars\/davidoff\/davidoff-mini-cigarillos-silver-5-x-20\/","title":{"rendered":"\u5927\u536b\u675c\u592b\u8ff7\u4f60\u94f6\u96ea\u8304\uff085 x 20\uff09"},"content":{"rendered":"<p>Les Davidoff Mini Cigarillos Silver sont \u00e0 chaque souffle aussi harmonieux que les Mini Cigarillos Gold originaux, mais proposent une fum\u00e9e d\u00e9lib\u00e9r\u00e9ment plus l\u00e9g\u00e8re.\u00a0La pr\u00e9dominance de c\u00e9pages plus l\u00e9gers de tabac conf\u00e8re une saveur douce, aromatique et contemporaine.<\/p>","protected":false},"excerpt":{"rendered":"<p>5 \u76d2\uff0c\u6bcf\u76d2 20 \u652f\u3002<\/p>","protected":false},"featured_media":62708,"template":"","meta":{"_acf_changed":false},"product_cat":[29739,29764,24791,24638,21990,24719,23555,14927],"product_tag":[],"bundled_by":[],"bundle_stock_status":"instock","bundle_stock_quantity":null,"bundle_virtual":false,"bundle_layout":"","bundle_add_to_cart_form_location":"","bundle_editable_in_cart":false,"bundle_sold_individually_context":"","bundle_item_grouping":"","bundle_min_size":"","bundle_max_size":"","bundled_items":[],"acf":[],"_links":{"self":[{"href":"https:\/\/beta.alpscigar.com\/zh\/wp-json\/wp\/v2\/product\/62710"}],"collection":[{"href":"https:\/\/beta.alpscigar.com\/zh\/wp-json\/wp\/v2\/product"}],"about":[{"href":"https:\/\/beta.alpscigar.com\/zh\/wp-json\/wp\/v2\/types\/product"}],"wp:featuredmedia":[{"embeddable":true,"href":"https:\/\/beta.alpscigar.com\/zh\/wp-json\/wp\/v2\/media\/62708"}],"wp:attachment":[{"href":"https:\/\/beta.alpscigar.com\/zh\/wp-json\/wp\/v2\/media?parent=62710"}],"wp:term":[{"taxonomy":"product_cat","embeddable":true,"href":"https:\/\/beta.alpscigar.com\/zh\/wp-json\/wp\/v2\/product_cat?post=62710"},{"taxonomy":"product_tag","embeddable":true,"href":"https:\/\/beta.alpscigar.com\/zh\/wp-json\/wp\/v2\/product_tag?post=62710"}],"curies":[{"name":"wp","href":"https:\/\/api.w.org\/{rel}","templated":true}]}}