{"id":62716,"date":"2022-04-26T14:55:23","date_gmt":"2022-04-26T13:55:23","guid":{"rendered":"https:\/\/alpscigar.com\/?post_type=product&#038;p=62716"},"modified":"2023-11-27T13:30:13","modified_gmt":"2023-11-27T12:30:13","slug":"davidoff-mini-cigarillos-gold-5-x-20","status":"publish","type":"product","link":"https:\/\/beta.alpscigar.com\/zh\/shop\/dominican-cigars\/davidoff\/davidoff-mini-cigarillos-gold-5-x-20\/","title":{"rendered":"Davidoff Mini Cigarillos Gold (5 x 20)"},"content":{"rendered":"<p>Avez-vous essay\u00e9 nos Davidoff Mini Cigarillos ?<br \/>\nNous avons combin\u00e9 tout le luxe des cigares Davidoff dans un format mini cigarillo. C&rsquo;est le cigare de taille parfaite pour les jours o\u00f9 vous manquez de temps mais souhaitez toujours profiter d&rsquo;une fum\u00e9e de qualit\u00e9. Con\u00e7us avec expertise avec des capes et des tripes Sumatra d&rsquo;Indon\u00e9sie, du Br\u00e9sil et de la R\u00e9publique dominicaine, ces mini cigarillos roul\u00e9s \u00e0 la main sont l\u00e9gers \u00e0 mi-cors\u00e9s et pleins de saveurs. Les Davidoff Mini Cigarillos Gold sont la s\u00e9lection parfaite en d\u00e9placement sans l\u00e9siner sur la m\u00eame sophistication que vous connaissez et aimez des cigares Davidoff.<\/p>\n<p>Profitez de 15 minutes de pur luxe avec ce cigarillo moyennement cors\u00e9. Ils sont s\u00fbrs de donner \u00e0 tout fumeur une saveur cr\u00e9meuse, ainsi qu&rsquo;une fum\u00e9e aromatique. Cette fum\u00e9e bien \u00e9quilibr\u00e9e offre un go\u00fbt qui pla\u00eet aux palettes des amateurs novices ainsi qu&rsquo;aux amateurs de cigares chevronn\u00e9s. Il est prouv\u00e9 que la saveur pleine et harmonieuse de ces mini cigarillos offre une exp\u00e9rience de fumage exquise \u00e0 tout aficionado.<\/p>\n<p>Lorsque vous avez besoin d&rsquo;une pause apr\u00e8s une journ\u00e9e stressante ou que vous souhaitez simplement fumer rapidement avec des amis, choisissez les Davidoff Mini Cigarillos Gold et d\u00e9tendez-vous correctement. Commandez votre bo\u00eete de 50 cigarillos aujourd&rsquo;hui et commencez \u00e0 remplir votre temps \u00e0 merveille.<\/p>","protected":false},"excerpt":{"rendered":"<p>5 \u76d2\uff0c\u6bcf\u76d2 20 \u652f\u3002<\/p>","protected":false},"featured_media":62714,"template":"","meta":{"_acf_changed":false},"product_cat":[29739,29764,24791,23555,14927],"product_tag":[],"bundled_by":[],"bundle_stock_status":"instock","bundle_stock_quantity":null,"bundle_virtual":false,"bundle_layout":"","bundle_add_to_cart_form_location":"","bundle_editable_in_cart":false,"bundle_sold_individually_context":"","bundle_item_grouping":"","bundle_min_size":"","bundle_max_size":"","bundled_items":[],"acf":[],"_links":{"self":[{"href":"https:\/\/beta.alpscigar.com\/zh\/wp-json\/wp\/v2\/product\/62716"}],"collection":[{"href":"https:\/\/beta.alpscigar.com\/zh\/wp-json\/wp\/v2\/product"}],"about":[{"href":"https:\/\/beta.alpscigar.com\/zh\/wp-json\/wp\/v2\/types\/product"}],"wp:featuredmedia":[{"embeddable":true,"href":"https:\/\/beta.alpscigar.com\/zh\/wp-json\/wp\/v2\/media\/62714"}],"wp:attachment":[{"href":"https:\/\/beta.alpscigar.com\/zh\/wp-json\/wp\/v2\/media?parent=62716"}],"wp:term":[{"taxonomy":"product_cat","embeddable":true,"href":"https:\/\/beta.alpscigar.com\/zh\/wp-json\/wp\/v2\/product_cat?post=62716"},{"taxonomy":"product_tag","embeddable":true,"href":"https:\/\/beta.alpscigar.com\/zh\/wp-json\/wp\/v2\/product_tag?post=62716"}],"curies":[{"name":"wp","href":"https:\/\/api.w.org\/{rel}","templated":true}]}}