{"id":62811,"date":"2022-04-27T10:38:19","date_gmt":"2022-04-27T09:38:19","guid":{"rendered":"https:\/\/alpscigar.com\/?post_type=product&#038;p=62811"},"modified":"2023-11-26T18:25:31","modified_gmt":"2023-11-26T17:25:31","slug":"davidoff-demi-tasse-5-x-10","status":"publish","type":"product","link":"https:\/\/beta.alpscigar.com\/zh\/shop\/dominican-cigars\/davidoff\/davidoff-demi-tasse-5-x-10\/","title":{"rendered":"Davidoff Demi-tasse (5 x 10)"},"content":{"rendered":"<p>Le Davidoff Demi-tasse est un petit cigare \u00e9l\u00e9gant, doux et aromatique. Parfait lors de petits moments de d\u00e9tente ou lors de pauses caf\u00e9.<\/p>","protected":false},"excerpt":{"rendered":"<p>5 Bo\u00eetes de 10 cigarillos.<\/p>","protected":false},"featured_media":62809,"template":"","meta":{"_acf_changed":false},"product_cat":[29739,29764,24791,23555,14927],"product_tag":[],"bundled_by":[],"bundle_stock_status":"instock","bundle_stock_quantity":null,"bundle_virtual":false,"bundle_layout":"","bundle_add_to_cart_form_location":"","bundle_editable_in_cart":false,"bundle_sold_individually_context":"","bundle_item_grouping":"","bundle_min_size":"","bundle_max_size":"","bundled_items":[],"acf":[],"_links":{"self":[{"href":"https:\/\/beta.alpscigar.com\/zh\/wp-json\/wp\/v2\/product\/62811"}],"collection":[{"href":"https:\/\/beta.alpscigar.com\/zh\/wp-json\/wp\/v2\/product"}],"about":[{"href":"https:\/\/beta.alpscigar.com\/zh\/wp-json\/wp\/v2\/types\/product"}],"wp:featuredmedia":[{"embeddable":true,"href":"https:\/\/beta.alpscigar.com\/zh\/wp-json\/wp\/v2\/media\/62809"}],"wp:attachment":[{"href":"https:\/\/beta.alpscigar.com\/zh\/wp-json\/wp\/v2\/media?parent=62811"}],"wp:term":[{"taxonomy":"product_cat","embeddable":true,"href":"https:\/\/beta.alpscigar.com\/zh\/wp-json\/wp\/v2\/product_cat?post=62811"},{"taxonomy":"product_tag","embeddable":true,"href":"https:\/\/beta.alpscigar.com\/zh\/wp-json\/wp\/v2\/product_tag?post=62811"}],"curies":[{"name":"wp","href":"https:\/\/api.w.org\/{rel}","templated":true}]}}