{"id":62814,"date":"2022-04-27T10:42:27","date_gmt":"2022-04-27T09:42:27","guid":{"rendered":"https:\/\/alpscigar.com\/?post_type=product&#038;p=62814"},"modified":"2023-11-10T11:28:25","modified_gmt":"2023-11-10T10:28:25","slug":"davidoff-nicaragua-primeros-6","status":"publish","type":"product","link":"https:\/\/beta.alpscigar.com\/zh\/shop\/dominican-cigars\/davidoff\/davidoff-nicaragua-primeros-6\/","title":{"rendered":"Davidoff Nicaragua Primeros (6)"},"content":{"rendered":"<p>Les Davidoff Nicaragua Primeros offrent le m\u00eame raffinement et la m\u00eame exp\u00e9rience gustative intense que les cigares Davidoff Nicaragua originaux. L&rsquo;insert est une combinaison de tabac du Nicaragua et de la R\u00e9publique dominicaine, l&#8217;emballage de l&rsquo;\u00c9quateur est recouvert d&rsquo;un emballage Habano-Seed du Nicaragua. Les primeros, soigneusement fabriqu\u00e9s par Davidoff, ont un go\u00fbt l\u00e9g\u00e8rement plus doux, poivr\u00e9, cr\u00e9meux et aigre-doux. Primeros par Davidoff Nicaragua. Un court moment de plaisir gr\u00e2ce \u00e0 un cigare exquis.<\/p>","protected":false},"excerpt":{"rendered":"<p>\u4e00\u7bb1 6 \u652f\u96ea\u8304\u3002<\/p>","protected":false},"featured_media":62812,"template":"","meta":{"_acf_changed":false},"product_cat":[24791,24638,23555,14927,14939,14941],"product_tag":[],"bundled_by":[],"bundle_stock_status":"instock","bundle_stock_quantity":null,"bundle_virtual":false,"bundle_layout":"","bundle_add_to_cart_form_location":"","bundle_editable_in_cart":false,"bundle_sold_individually_context":"","bundle_item_grouping":"","bundle_min_size":"","bundle_max_size":"","bundled_items":[],"acf":[],"_links":{"self":[{"href":"https:\/\/beta.alpscigar.com\/zh\/wp-json\/wp\/v2\/product\/62814"}],"collection":[{"href":"https:\/\/beta.alpscigar.com\/zh\/wp-json\/wp\/v2\/product"}],"about":[{"href":"https:\/\/beta.alpscigar.com\/zh\/wp-json\/wp\/v2\/types\/product"}],"wp:featuredmedia":[{"embeddable":true,"href":"https:\/\/beta.alpscigar.com\/zh\/wp-json\/wp\/v2\/media\/62812"}],"wp:attachment":[{"href":"https:\/\/beta.alpscigar.com\/zh\/wp-json\/wp\/v2\/media?parent=62814"}],"wp:term":[{"taxonomy":"product_cat","embeddable":true,"href":"https:\/\/beta.alpscigar.com\/zh\/wp-json\/wp\/v2\/product_cat?post=62814"},{"taxonomy":"product_tag","embeddable":true,"href":"https:\/\/beta.alpscigar.com\/zh\/wp-json\/wp\/v2\/product_tag?post=62814"}],"curies":[{"name":"wp","href":"https:\/\/api.w.org\/{rel}","templated":true}]}}