{"id":63037,"date":"2022-04-27T12:50:48","date_gmt":"2022-04-27T11:50:48","guid":{"rendered":"https:\/\/alpscigar.com\/?post_type=product&#038;p=63037"},"modified":"2023-11-15T12:53:57","modified_gmt":"2023-11-15T11:53:57","slug":"oliva-serie-v-special-sampler-5","status":"publish","type":"product","link":"https:\/\/beta.alpscigar.com\/zh\/shop\/nicaraguan-cigars\/oliva\/oliva-serie-v\/oliva-serie-v-special-sampler-5\/","title":{"rendered":"Oliva S\u00e9rie V Special Sampler (5)"},"content":{"rendered":"<p><strong>Le Special Sampler Oliva S\u00e9rie V contient :<\/strong><\/p>\n<ul>\n<li>1x Oliva Serie V Diadema 7&#215;49<\/li>\n<li>1x Oliva Serie V Diadema 6&#215;46<\/li>\n<li>1x Oliva Serie V Churchill 7&#215;52<\/li>\n<li>1x Oliva Serie V Torpedo 6&#215;54<\/li>\n<li>1x Oliva Serie V Robusto 5&#215;54<\/li>\n<\/ul>\n<p class=\"p1\">Oliva est l\u2019un des grands noms des cigares exceptionels aux Etats-Unis. Depuis plusieurs g\u00e9n\u00e9rations, les cigares de la famille Oliva sont \u00e0 l\u2019origine de la fabrication artisanale des Puros parfaits du Nicaragua. La famille Oliva est originaire de Cuba, o\u00f9 elle a exploit\u00e9 des plantations de tabac \u00e0 haut rendement. Les champs \u00e9taient \u00e0 San Juan, juste \u00e0 c\u00f4t\u00e9 de ceux de Hoyo de Monterrey. La r\u00e9volution des ann\u00e9es 1960 a mis un terme brutal \u00e0 leurs propres plantations de tabac et a pouss\u00e9 la troisi\u00e8me g\u00e9n\u00e9ration \u00e0 l\u2019exil. Mais pas sans d\u00e9tours. Le voyage relativement court jusqu\u2019\u00e0 Estel\u00ed, au Nicaragua, o\u00f9 les Olivas comptent aujourd\u2019hui parmi les plus grandes plantations de tabac, a finalement conduit \u00e0 l\u2019autre bout du monde. <strong>Les cigares Oliva se caract\u00e9risent par le fait qu\u2019ils proviennent \u00e0 presque 100% de tabacs provenant de leurs propres champs.<span class=\"Apple-converted-space\">\u00a0<\/span><\/strong><\/p>","protected":false},"excerpt":{"rendered":"<p><span>Bo\u00eete de 5 cigares.<\/span><\/p>","protected":false},"featured_media":63036,"template":"","meta":{"_acf_changed":false},"product_cat":[27428,27429,24791,24638,24035],"product_tag":[],"bundled_by":[],"bundle_stock_status":"instock","bundle_stock_quantity":null,"bundle_virtual":false,"bundle_layout":"","bundle_add_to_cart_form_location":"","bundle_editable_in_cart":false,"bundle_sold_individually_context":"","bundle_item_grouping":"","bundle_min_size":"","bundle_max_size":"","bundled_items":[],"acf":[],"_links":{"self":[{"href":"https:\/\/beta.alpscigar.com\/zh\/wp-json\/wp\/v2\/product\/63037"}],"collection":[{"href":"https:\/\/beta.alpscigar.com\/zh\/wp-json\/wp\/v2\/product"}],"about":[{"href":"https:\/\/beta.alpscigar.com\/zh\/wp-json\/wp\/v2\/types\/product"}],"wp:featuredmedia":[{"embeddable":true,"href":"https:\/\/beta.alpscigar.com\/zh\/wp-json\/wp\/v2\/media\/63036"}],"wp:attachment":[{"href":"https:\/\/beta.alpscigar.com\/zh\/wp-json\/wp\/v2\/media?parent=63037"}],"wp:term":[{"taxonomy":"product_cat","embeddable":true,"href":"https:\/\/beta.alpscigar.com\/zh\/wp-json\/wp\/v2\/product_cat?post=63037"},{"taxonomy":"product_tag","embeddable":true,"href":"https:\/\/beta.alpscigar.com\/zh\/wp-json\/wp\/v2\/product_tag?post=63037"}],"curies":[{"name":"wp","href":"https:\/\/api.w.org\/{rel}","templated":true}]}}