{"id":63055,"date":"2022-04-27T12:53:02","date_gmt":"2022-04-27T11:53:02","guid":{"rendered":"https:\/\/alpscigar.com\/?post_type=product&#038;p=63055"},"modified":"2023-08-31T14:34:39","modified_gmt":"2023-08-31T13:34:39","slug":"davidoff-signature-exquisitos-20","status":"publish","type":"product","link":"https:\/\/beta.alpscigar.com\/zh\/shop\/dominican-cigars\/davidoff\/davidoff-signature-exquisitos-20\/","title":{"rendered":"Davidoff Signature Exquisitos (20)"},"content":{"rendered":"<p><span>Le Davidoff Signature Exquisitos est un cigare haut de gamme, <strong>dispose de la plus petite tripe roul\u00e9e \u00e0 la main au monde,<\/strong> il offre l&rsquo;<\/span><span>\u00e9quilibre et l&rsquo;\u00e9l\u00e9gance du m\u00e9lange Davidoff Classic\u00a0malgr\u00e9 sa petite taille. <\/span><span>Une t\u00e2che extr\u00eamement difficile, que nous accomplissons avec brio.\u00a0Malgr\u00e9 leur petite diam\u00e8tre (8.66 mm), <\/span><span>les Davidoff Signature Exquisitos remplissent\u00a0le temps d&rsquo;un\u00a0plaisir de fumer\u00a0authentique et \u00e9l\u00e9gant qui n&rsquo;est en <\/span><span>rien inf\u00e9rieur \u00e0\u00a0celui d&rsquo;un plus gros cigare.<\/span><\/p>","protected":false},"excerpt":{"rendered":"<p>\u6bcf\u76d2 20 \u652f\u3002<\/p>","protected":false},"featured_media":63053,"template":"","meta":{"_acf_changed":false},"product_cat":[29739,24791,24638,23555,14927,14943],"product_tag":[],"bundled_by":[],"bundle_stock_status":"instock","bundle_stock_quantity":null,"bundle_virtual":false,"bundle_layout":"","bundle_add_to_cart_form_location":"","bundle_editable_in_cart":false,"bundle_sold_individually_context":"","bundle_item_grouping":"","bundle_min_size":"","bundle_max_size":"","bundled_items":[],"acf":[],"_links":{"self":[{"href":"https:\/\/beta.alpscigar.com\/zh\/wp-json\/wp\/v2\/product\/63055"}],"collection":[{"href":"https:\/\/beta.alpscigar.com\/zh\/wp-json\/wp\/v2\/product"}],"about":[{"href":"https:\/\/beta.alpscigar.com\/zh\/wp-json\/wp\/v2\/types\/product"}],"wp:featuredmedia":[{"embeddable":true,"href":"https:\/\/beta.alpscigar.com\/zh\/wp-json\/wp\/v2\/media\/63053"}],"wp:attachment":[{"href":"https:\/\/beta.alpscigar.com\/zh\/wp-json\/wp\/v2\/media?parent=63055"}],"wp:term":[{"taxonomy":"product_cat","embeddable":true,"href":"https:\/\/beta.alpscigar.com\/zh\/wp-json\/wp\/v2\/product_cat?post=63055"},{"taxonomy":"product_tag","embeddable":true,"href":"https:\/\/beta.alpscigar.com\/zh\/wp-json\/wp\/v2\/product_tag?post=63055"}],"curies":[{"name":"wp","href":"https:\/\/api.w.org\/{rel}","templated":true}]}}