{"id":63139,"date":"2022-04-27T13:12:17","date_gmt":"2022-04-27T12:12:17","guid":{"rendered":"https:\/\/alpscigar.com\/?post_type=product&#038;p=63139"},"modified":"2023-08-31T14:33:21","modified_gmt":"2023-08-31T13:33:21","slug":"e-p-carrillo-dusk-solidos-20","status":"publish","type":"product","link":"https:\/\/beta.alpscigar.com\/zh\/shop\/dominican-cigars\/e-p-carrillo\/the-classics-series\/e-p-carrillo-dusk\/e-p-carrillo-dusk-solidos-20\/","title":{"rendered":"E. P. Carrillo Dusk Solidos (20)"},"content":{"rendered":"<p><strong>Les cigares E. P. Carrillo Dusk Solidos<\/strong>\u00a0sont des cr\u00e9ations de force moyenne. Cependant, ils pr\u00e9sentent un spectre d&rsquo;ar\u00f4mes distinctif de cuir, de caramel, de bois et de terre. La s\u00e9rie E. P. Carrillo Dusk a une masse annulaire luxuriante et son go\u00fbt distinctif pla\u00eet \u00e0 de nombreux amateurs de cigares, car il est toujours facile \u00e0 g\u00e9rer malgr\u00e9 l&rsquo;ar\u00f4me complet.<\/p>\n<p>Les cigares E. P. Carrillo ont \u00e9t\u00e9 lanc\u00e9s par Ernesto Perez Carrillo, un Cubain n\u00e9 \u00e0 Pinar del Rio en 1951, apr\u00e8s avoir \u00e9migr\u00e9 aux \u00c9tats-Unis.<\/p>","protected":false},"excerpt":{"rendered":"<p>\u6bcf\u76d2 20 \u652f\u3002<\/p>","protected":false},"featured_media":63137,"template":"","meta":{"_acf_changed":false},"product_cat":[29577,29784,30025,23555],"product_tag":[],"bundled_by":[],"bundle_stock_status":"instock","bundle_stock_quantity":null,"bundle_virtual":false,"bundle_layout":"","bundle_add_to_cart_form_location":"","bundle_editable_in_cart":false,"bundle_sold_individually_context":"","bundle_item_grouping":"","bundle_min_size":"","bundle_max_size":"","bundled_items":[],"acf":[],"_links":{"self":[{"href":"https:\/\/beta.alpscigar.com\/zh\/wp-json\/wp\/v2\/product\/63139"}],"collection":[{"href":"https:\/\/beta.alpscigar.com\/zh\/wp-json\/wp\/v2\/product"}],"about":[{"href":"https:\/\/beta.alpscigar.com\/zh\/wp-json\/wp\/v2\/types\/product"}],"wp:featuredmedia":[{"embeddable":true,"href":"https:\/\/beta.alpscigar.com\/zh\/wp-json\/wp\/v2\/media\/63137"}],"wp:attachment":[{"href":"https:\/\/beta.alpscigar.com\/zh\/wp-json\/wp\/v2\/media?parent=63139"}],"wp:term":[{"taxonomy":"product_cat","embeddable":true,"href":"https:\/\/beta.alpscigar.com\/zh\/wp-json\/wp\/v2\/product_cat?post=63139"},{"taxonomy":"product_tag","embeddable":true,"href":"https:\/\/beta.alpscigar.com\/zh\/wp-json\/wp\/v2\/product_tag?post=63139"}],"curies":[{"name":"wp","href":"https:\/\/api.w.org\/{rel}","templated":true}]}}