{"id":63470,"date":"2022-04-27T14:55:16","date_gmt":"2022-04-27T13:55:16","guid":{"rendered":"https:\/\/alpscigar.com\/?post_type=product&#038;p=63470"},"modified":"2023-09-18T16:34:33","modified_gmt":"2023-09-18T15:34:33","slug":"avo-classic-no-2-20","status":"publish","type":"product","link":"https:\/\/beta.alpscigar.com\/zh\/shop\/dominican-cigars\/avo\/avo-classic\/avo-classic-no-2-20\/","title":{"rendered":"AVO Classic No. 2 (20)"},"content":{"rendered":"<p>L\u2019AVO Classic No. 2 est l\u2019harmonie de deux l\u00e9gendes du cigare,\u00a0<strong>Avo Uvezian et le ma\u00eetre m\u00e9langeur Hendrik Kelner.<\/strong>\u00a0Leur collaboration offre une exp\u00e9rience inoubliable d\u2019\u00e9quilibre, de plaisir et de go\u00fbt raffin\u00e9.\u00a0Ce m\u00e9lange attrayant est compos\u00e9 de tabacs rares vieillis 25 ans.<\/p>","protected":false},"excerpt":{"rendered":"<p>\u6bcf\u76d2 20 \u652f\u3002<\/p>","protected":false},"featured_media":63467,"template":"","meta":{"_acf_changed":false},"product_cat":[25308,29674,24791,21990,24719,23555],"product_tag":[],"bundled_by":[],"bundle_stock_status":"instock","bundle_stock_quantity":null,"bundle_virtual":false,"bundle_layout":"","bundle_add_to_cart_form_location":"","bundle_editable_in_cart":false,"bundle_sold_individually_context":"","bundle_item_grouping":"","bundle_min_size":"","bundle_max_size":"","bundled_items":[],"acf":[],"_links":{"self":[{"href":"https:\/\/beta.alpscigar.com\/zh\/wp-json\/wp\/v2\/product\/63470"}],"collection":[{"href":"https:\/\/beta.alpscigar.com\/zh\/wp-json\/wp\/v2\/product"}],"about":[{"href":"https:\/\/beta.alpscigar.com\/zh\/wp-json\/wp\/v2\/types\/product"}],"wp:featuredmedia":[{"embeddable":true,"href":"https:\/\/beta.alpscigar.com\/zh\/wp-json\/wp\/v2\/media\/63467"}],"wp:attachment":[{"href":"https:\/\/beta.alpscigar.com\/zh\/wp-json\/wp\/v2\/media?parent=63470"}],"wp:term":[{"taxonomy":"product_cat","embeddable":true,"href":"https:\/\/beta.alpscigar.com\/zh\/wp-json\/wp\/v2\/product_cat?post=63470"},{"taxonomy":"product_tag","embeddable":true,"href":"https:\/\/beta.alpscigar.com\/zh\/wp-json\/wp\/v2\/product_tag?post=63470"}],"curies":[{"name":"wp","href":"https:\/\/api.w.org\/{rel}","templated":true}]}}