{"id":63526,"date":"2022-04-27T15:02:18","date_gmt":"2022-04-27T14:02:18","guid":{"rendered":"https:\/\/alpscigar.com\/?post_type=product&#038;p=63526"},"modified":"2023-08-31T14:42:36","modified_gmt":"2023-08-31T13:42:36","slug":"avo-xo-legato-cello-4","status":"publish","type":"product","link":"https:\/\/beta.alpscigar.com\/zh\/shop\/dominican-cigars\/avo\/avo-xo\/avo-xo-legato-cello-4\/","title":{"rendered":"AVO XO Legato Cello (4)"},"content":{"rendered":"<p>L&rsquo;h\u00e9ritage d&rsquo;Avo captur\u00e9 dans tous les formats, avec du tabac vieilli pendant au moins six ans, tiss\u00e9 artistiquement dans chaque cigare. L&rsquo;AVO XO Legato Cello est un chef-d&rsquo;\u0153uvre destin\u00e9 aux occasions sp\u00e9ciales. Une composition mi-cors\u00e9e remarquablement douce, mais richement complexe, \u00e9quilibr\u00e9e avec des notes de bois, d&rsquo;\u00e9pices, de fruits secs et sucr\u00e9s.<\/p>","protected":false},"excerpt":{"rendered":"<p>Bo\u00eete de 4 cigares.<\/p>","protected":false},"featured_media":63524,"template":"","meta":{"_acf_changed":false},"product_cat":[25308,29682,24791,23555],"product_tag":[],"bundled_by":[],"bundle_stock_status":"instock","bundle_stock_quantity":null,"bundle_virtual":false,"bundle_layout":"","bundle_add_to_cart_form_location":"","bundle_editable_in_cart":false,"bundle_sold_individually_context":"","bundle_item_grouping":"","bundle_min_size":"","bundle_max_size":"","bundled_items":[],"acf":[],"_links":{"self":[{"href":"https:\/\/beta.alpscigar.com\/zh\/wp-json\/wp\/v2\/product\/63526"}],"collection":[{"href":"https:\/\/beta.alpscigar.com\/zh\/wp-json\/wp\/v2\/product"}],"about":[{"href":"https:\/\/beta.alpscigar.com\/zh\/wp-json\/wp\/v2\/types\/product"}],"wp:featuredmedia":[{"embeddable":true,"href":"https:\/\/beta.alpscigar.com\/zh\/wp-json\/wp\/v2\/media\/63524"}],"wp:attachment":[{"href":"https:\/\/beta.alpscigar.com\/zh\/wp-json\/wp\/v2\/media?parent=63526"}],"wp:term":[{"taxonomy":"product_cat","embeddable":true,"href":"https:\/\/beta.alpscigar.com\/zh\/wp-json\/wp\/v2\/product_cat?post=63526"},{"taxonomy":"product_tag","embeddable":true,"href":"https:\/\/beta.alpscigar.com\/zh\/wp-json\/wp\/v2\/product_tag?post=63526"}],"curies":[{"name":"wp","href":"https:\/\/api.w.org\/{rel}","templated":true}]}}