{"id":63887,"date":"2022-04-28T07:27:38","date_gmt":"2022-04-28T06:27:38","guid":{"rendered":"https:\/\/alpscigar.com\/?post_type=product&#038;p=63887"},"modified":"2023-09-18T16:36:22","modified_gmt":"2023-09-18T15:36:22","slug":"gurkha-cellar-reserve-15-years-kraken-20","status":"publish","type":"product","link":"https:\/\/beta.alpscigar.com\/zh\/shop\/dominican-cigars\/gurkha\/gurkha-cellar-reserve-15-years\/gurkha-cellar-reserve-15-years-kraken-20\/","title":{"rendered":"Gurkha Cellar Reserve 15 Years Kraken (20)"},"content":{"rendered":"<p>La Cellar Reserve 15 Years de Gurkha, utilise les meilleurs tabacs matures de qualit\u00e9 sup\u00e9rieure de 15 ans de la R\u00e9publique dominicaine, maintenus ensemble par une sous-cape Olor et finis par une cape Criollo 1998. \u00c9tant donn\u00e9 que la maturation de ce cigare joue un r\u00f4le important, <strong>les bo\u00eetes ressemblent \u00e0 l\u2019origine \u00e0 une bo\u00eete \u00e0 vin, ce qui donne aux Gurkhas un look tout \u00e0 fait particulier.<\/strong>\u00a0Cet amour du d\u00e9tail est \u00e9galement \u00e9vident dans chaque cigare, tous portant une queue de cochon en forme de spirale comme ornement sur le bonnet.<\/p>\n<p>Dans le premier tiers le cigare d\u00e9veloppe doucement des notes de chocolat, de poivre et de terre, qui durent \u00e9galement jusqu&rsquo;au dernier tiers. Puis, les notes poivr\u00e9es prennent le dessus, mais ne sont jamais dominantes ou sur-assaisonn\u00e9es, de sorte que le Gurkha Cellar Reserve 15 Years Kraken laisse <strong>en final une chaleur harmonieuse pour les connaisseurs.<\/strong><\/p>","protected":false},"excerpt":{"rendered":"<p>\u6bcf\u76d2 20 \u652f\u3002<\/p>","protected":false},"featured_media":63885,"template":"","meta":{"_acf_changed":false},"product_cat":[29844,29846,24791,24638,21990,24719,23555],"product_tag":[],"bundled_by":[],"bundle_stock_status":"instock","bundle_stock_quantity":null,"bundle_virtual":false,"bundle_layout":"","bundle_add_to_cart_form_location":"","bundle_editable_in_cart":false,"bundle_sold_individually_context":"","bundle_item_grouping":"","bundle_min_size":"","bundle_max_size":"","bundled_items":[],"acf":[],"_links":{"self":[{"href":"https:\/\/beta.alpscigar.com\/zh\/wp-json\/wp\/v2\/product\/63887"}],"collection":[{"href":"https:\/\/beta.alpscigar.com\/zh\/wp-json\/wp\/v2\/product"}],"about":[{"href":"https:\/\/beta.alpscigar.com\/zh\/wp-json\/wp\/v2\/types\/product"}],"wp:featuredmedia":[{"embeddable":true,"href":"https:\/\/beta.alpscigar.com\/zh\/wp-json\/wp\/v2\/media\/63885"}],"wp:attachment":[{"href":"https:\/\/beta.alpscigar.com\/zh\/wp-json\/wp\/v2\/media?parent=63887"}],"wp:term":[{"taxonomy":"product_cat","embeddable":true,"href":"https:\/\/beta.alpscigar.com\/zh\/wp-json\/wp\/v2\/product_cat?post=63887"},{"taxonomy":"product_tag","embeddable":true,"href":"https:\/\/beta.alpscigar.com\/zh\/wp-json\/wp\/v2\/product_tag?post=63887"}],"curies":[{"name":"wp","href":"https:\/\/api.w.org\/{rel}","templated":true}]}}