{"id":63899,"date":"2022-04-28T07:34:53","date_gmt":"2022-04-28T06:34:53","guid":{"rendered":"https:\/\/alpscigar.com\/?post_type=product&#038;p=63899"},"modified":"2023-10-23T19:10:31","modified_gmt":"2023-10-23T18:10:31","slug":"gurkha-cellar-reserve-18-years-solara-20","status":"publish","type":"product","link":"https:\/\/beta.alpscigar.com\/zh\/shop\/dominican-cigars\/gurkha\/gurkha-cellar-reserve-18-years\/gurkha-cellar-reserve-18-years-solara-20\/","title":{"rendered":"Gurkha Cellar Reserve 18 Years Solara (20)"},"content":{"rendered":"<p>La Cellar Reserve 18 Years de Gurkha, \u00e2g\u00e9e de 18 ans, va encore plus loin dans l&rsquo;am\u00e9lioration du m\u00e9lange de r\u00e9serve de cave. Compos\u00e9 d&rsquo;une cape Colorado Maduro rare de 18 ans,<strong> il y a eu juste la quantit\u00e9 de tabac suffisante pour seulement 1000 bo\u00eetes de chaque format de cette ligne.<\/strong> Pour cette raison, <strong>la bo\u00eete en acajou laqu\u00e9<\/strong> de haute qualit\u00e9 ne surprend pas, ce qui laisse entrevoir la grande qualit\u00e9 du contenu.<\/p>\n<p>En termes de go\u00fbt, l&rsquo;exp\u00e9rience de fumer commence par des notes terreuses et poivr\u00e9es, qui comportent \u00e9galement un soup\u00e7on de figue et de cacao.\u00a0Dans la seconde moiti\u00e9, des notes de caf\u00e9 et de vanille sont ajout\u00e9es pour finaliser la fum\u00e9e \u00e9quilibr\u00e9e.<\/p>","protected":false},"excerpt":{"rendered":"<p>Bo\u00eete en acajou laqu\u00e9 de 20 cigares.<\/p>","protected":false},"featured_media":63897,"template":"","meta":{"_acf_changed":false},"product_cat":[29844,29847,24791,23555],"product_tag":[],"bundled_by":[],"bundle_stock_status":"instock","bundle_stock_quantity":null,"bundle_virtual":false,"bundle_layout":"","bundle_add_to_cart_form_location":"","bundle_editable_in_cart":false,"bundle_sold_individually_context":"","bundle_item_grouping":"","bundle_min_size":"","bundle_max_size":"","bundled_items":[],"acf":[],"_links":{"self":[{"href":"https:\/\/beta.alpscigar.com\/zh\/wp-json\/wp\/v2\/product\/63899"}],"collection":[{"href":"https:\/\/beta.alpscigar.com\/zh\/wp-json\/wp\/v2\/product"}],"about":[{"href":"https:\/\/beta.alpscigar.com\/zh\/wp-json\/wp\/v2\/types\/product"}],"wp:featuredmedia":[{"embeddable":true,"href":"https:\/\/beta.alpscigar.com\/zh\/wp-json\/wp\/v2\/media\/63897"}],"wp:attachment":[{"href":"https:\/\/beta.alpscigar.com\/zh\/wp-json\/wp\/v2\/media?parent=63899"}],"wp:term":[{"taxonomy":"product_cat","embeddable":true,"href":"https:\/\/beta.alpscigar.com\/zh\/wp-json\/wp\/v2\/product_cat?post=63899"},{"taxonomy":"product_tag","embeddable":true,"href":"https:\/\/beta.alpscigar.com\/zh\/wp-json\/wp\/v2\/product_tag?post=63899"}],"curies":[{"name":"wp","href":"https:\/\/api.w.org\/{rel}","templated":true}]}}