{"id":64015,"date":"2022-04-28T08:19:48","date_gmt":"2022-04-28T07:19:48","guid":{"rendered":"https:\/\/alpscigar.com\/?post_type=product&#038;p=64015"},"modified":"2023-09-26T14:34:22","modified_gmt":"2023-09-26T13:34:22","slug":"cao-pilon-robusto-extra-20","status":"publish","type":"product","link":"https:\/\/beta.alpscigar.com\/zh\/shop\/nicaraguan-cigars\/cao\/cao-pilon\/cao-pilon-robusto-extra-20\/","title":{"rendered":"CAO Pil\u00f3n Robusto Extra (20)"},"content":{"rendered":"<p>La technique du \u00ab\u00a0Pil\u00f3n\u00a0\u00bb est une m\u00e9thode ancestrale cubaine de fermentation des feuilles de tabac afin de r\u00e9v\u00e9ler un maximum d&rsquo;ar\u00f4mes et de donner une belle couleur au tabac.<br \/>\nLa ligne de cigares CAO Pil\u00f3n compte 5 modules et le CAO Pil\u00f3n Robusto Extra propose des dimensions classiques de 127 mm avec un cepo de 52.<\/p>\n<p>La feuille de cape de type Habano Equateur maduro habille superbement le cigare et les feuilles de sous-cape et de tripe proviennent des meilleurs terroirs du Nicaragua. Mise en route facile avec un excellent tirage, les cigares CAO Pil\u00f3n Robusto Extra sont des cigares \u00e0 la puissance moyenne qui d\u00e9veloppent des ar\u00f4mes riches de cacao, cannelle et de c\u00e8dre.<\/p>\n<p>Le CAO Pil\u00f3n Robusto \u00e0 un excellent rapport qualit\u00e9-prix.<\/p>","protected":false},"excerpt":{"rendered":"<p>Bo\u00eete de 20 Cigares.<\/p>","protected":false},"featured_media":64013,"template":"","meta":{"_acf_changed":false},"product_cat":[27443,29721,24791,24035],"product_tag":[],"bundled_by":[],"bundle_stock_status":"outofstock","bundle_stock_quantity":0,"bundle_virtual":false,"bundle_layout":"","bundle_add_to_cart_form_location":"","bundle_editable_in_cart":false,"bundle_sold_individually_context":"","bundle_item_grouping":"","bundle_min_size":"","bundle_max_size":"","bundled_items":[],"acf":[],"_links":{"self":[{"href":"https:\/\/beta.alpscigar.com\/zh\/wp-json\/wp\/v2\/product\/64015"}],"collection":[{"href":"https:\/\/beta.alpscigar.com\/zh\/wp-json\/wp\/v2\/product"}],"about":[{"href":"https:\/\/beta.alpscigar.com\/zh\/wp-json\/wp\/v2\/types\/product"}],"wp:featuredmedia":[{"embeddable":true,"href":"https:\/\/beta.alpscigar.com\/zh\/wp-json\/wp\/v2\/media\/64013"}],"wp:attachment":[{"href":"https:\/\/beta.alpscigar.com\/zh\/wp-json\/wp\/v2\/media?parent=64015"}],"wp:term":[{"taxonomy":"product_cat","embeddable":true,"href":"https:\/\/beta.alpscigar.com\/zh\/wp-json\/wp\/v2\/product_cat?post=64015"},{"taxonomy":"product_tag","embeddable":true,"href":"https:\/\/beta.alpscigar.com\/zh\/wp-json\/wp\/v2\/product_tag?post=64015"}],"curies":[{"name":"wp","href":"https:\/\/api.w.org\/{rel}","templated":true}]}}