{"id":64218,"date":"2022-04-28T09:22:08","date_gmt":"2022-04-28T08:22:08","guid":{"rendered":"https:\/\/alpscigar.com\/?post_type=product&#038;p=64218"},"modified":"2023-12-15T11:55:38","modified_gmt":"2023-12-15T10:55:38","slug":"arturo-fuente-chateau-fuente-king-t-rosado-24","status":"publish","type":"product","link":"https:\/\/beta.alpscigar.com\/zh\/shop\/dominican-cigars\/arturo-fuente\/arturo-fuente-chateau-fuente-king-t-rosado-24\/","title":{"rendered":"Arturo Fuente Chateau Fuente King T Rosado (24)"},"content":{"rendered":"<p>Le Arturo Fuente Chateau Fuente King T Rosado est un magnifique Churchill drap\u00e9 d&rsquo;une exceptionnelle feuille de cape type \u00ab\u00a0Rosado Sungrown\u00a0\u00bb, fine et soyeuse avec belle couleur maduro claro, originaire d&rsquo;Equateur. La feuille de sous-cape et la tripe sont compos\u00e9es de tabacs de R\u00e9publique Dominicaine. Avec une longueur de 168 mm et un cepo de 49, la mise en route reste facile avec un excellent tirage.<\/p>\n<p>Belle complexit\u00e9 aromatique avec des notes finement bois\u00e9es, de poivre et une touche plus mielleuse. L&rsquo;ensemble est parfaitement \u00e9quilibr\u00e9, comme souvent pour les cigares de la famille Fuente. La fum\u00e9e est riche et cr\u00e9meuse et la mont\u00e9e en puissance est douce et contenue. L&rsquo;Arturo Fuente Chateau Fuente King T Rosado\u00a0est habill\u00e9 d&rsquo;un tube tr\u00e8s \u00e9l\u00e9gant.<\/p>\n<p>A d\u00e9guster bien \u00e0 l&rsquo;aise (1h30) avec un rhum de R\u00e9publique Dominicaine de type Barcelo Imperial.<\/p>","protected":false},"excerpt":{"rendered":"<p>Bo\u00eete de 24 cigares en tube.<\/p>","protected":false},"featured_media":64213,"template":"","meta":{"_acf_changed":false},"product_cat":[24791,23555,20932,22842],"product_tag":[],"bundled_by":[],"bundle_stock_status":"instock","bundle_stock_quantity":5,"bundle_virtual":false,"bundle_layout":"","bundle_add_to_cart_form_location":"","bundle_editable_in_cart":false,"bundle_sold_individually_context":"","bundle_item_grouping":"","bundle_min_size":"","bundle_max_size":"","bundled_items":[],"acf":[],"_links":{"self":[{"href":"https:\/\/beta.alpscigar.com\/zh\/wp-json\/wp\/v2\/product\/64218"}],"collection":[{"href":"https:\/\/beta.alpscigar.com\/zh\/wp-json\/wp\/v2\/product"}],"about":[{"href":"https:\/\/beta.alpscigar.com\/zh\/wp-json\/wp\/v2\/types\/product"}],"wp:featuredmedia":[{"embeddable":true,"href":"https:\/\/beta.alpscigar.com\/zh\/wp-json\/wp\/v2\/media\/64213"}],"wp:attachment":[{"href":"https:\/\/beta.alpscigar.com\/zh\/wp-json\/wp\/v2\/media?parent=64218"}],"wp:term":[{"taxonomy":"product_cat","embeddable":true,"href":"https:\/\/beta.alpscigar.com\/zh\/wp-json\/wp\/v2\/product_cat?post=64218"},{"taxonomy":"product_tag","embeddable":true,"href":"https:\/\/beta.alpscigar.com\/zh\/wp-json\/wp\/v2\/product_tag?post=64218"}],"curies":[{"name":"wp","href":"https:\/\/api.w.org\/{rel}","templated":true}]}}