{"id":64264,"date":"2022-04-28T09:40:25","date_gmt":"2022-04-28T08:40:25","guid":{"rendered":"https:\/\/alpscigar.com\/?post_type=product&#038;p=64264"},"modified":"2023-08-31T14:07:39","modified_gmt":"2023-08-31T13:07:39","slug":"brick-house-sampler-4","status":"publish","type":"product","link":"https:\/\/beta.alpscigar.com\/zh\/shop\/nicaraguan-cigars\/brickhouse\/brick-house-sampler-4\/","title":{"rendered":"Brick House Sampler (4)"},"content":{"rendered":"<p>Fabriqu\u00e9s \u00e0 la main au Nicaragua, les cigares Brick House Sampler sont savoureux, sont con\u00e7us pour \u00eatre d\u00e9gust\u00e9s et partag\u00e9s avec des amis. Brick House est une marque de cigares vintage recr\u00e9\u00e9e par JC Newman Cigar Company en m\u00e9langeant des tabacs nicaraguayens sp\u00e9cialement vieillis avec des feuilles d&#8217;emballage Havana Subido.<\/p>\n<p>Le sampler contient ces 4 cigares :<\/p>\n<ul>\n<li>1x Mighty Mighty 6 1\/4&Prime; 60<\/li>\n<li>1x Mighty Mighty Maduro 6 1\/4&Prime; 60<\/li>\n<li>1x Toro 6&Prime; 52<\/li>\n<li>1x Robusto 5&Prime; 54.<\/li>\n<\/ul>","protected":false},"excerpt":{"rendered":"<p>Bo\u00eete de 4 cigares.<\/p>","protected":false},"featured_media":64263,"template":"","meta":{"_acf_changed":false},"product_cat":[29690,24791,24035],"product_tag":[],"bundled_by":[],"bundle_stock_status":"outofstock","bundle_stock_quantity":null,"bundle_virtual":false,"bundle_layout":"","bundle_add_to_cart_form_location":"","bundle_editable_in_cart":false,"bundle_sold_individually_context":"","bundle_item_grouping":"","bundle_min_size":"","bundle_max_size":"","bundled_items":[],"acf":[],"_links":{"self":[{"href":"https:\/\/beta.alpscigar.com\/zh\/wp-json\/wp\/v2\/product\/64264"}],"collection":[{"href":"https:\/\/beta.alpscigar.com\/zh\/wp-json\/wp\/v2\/product"}],"about":[{"href":"https:\/\/beta.alpscigar.com\/zh\/wp-json\/wp\/v2\/types\/product"}],"wp:featuredmedia":[{"embeddable":true,"href":"https:\/\/beta.alpscigar.com\/zh\/wp-json\/wp\/v2\/media\/64263"}],"wp:attachment":[{"href":"https:\/\/beta.alpscigar.com\/zh\/wp-json\/wp\/v2\/media?parent=64264"}],"wp:term":[{"taxonomy":"product_cat","embeddable":true,"href":"https:\/\/beta.alpscigar.com\/zh\/wp-json\/wp\/v2\/product_cat?post=64264"},{"taxonomy":"product_tag","embeddable":true,"href":"https:\/\/beta.alpscigar.com\/zh\/wp-json\/wp\/v2\/product_tag?post=64264"}],"curies":[{"name":"wp","href":"https:\/\/api.w.org\/{rel}","templated":true}]}}