{"id":64313,"date":"2022-04-28T09:54:14","date_gmt":"2022-04-28T08:54:14","guid":{"rendered":"https:\/\/alpscigar.com\/?post_type=product&#038;p=64313"},"modified":"2023-11-03T22:30:21","modified_gmt":"2023-11-03T21:30:21","slug":"bentley-robusto-pack-de-5x5-25","status":"publish","type":"product","link":"https:\/\/beta.alpscigar.com\/zh\/shop\/nicaraguan-cigars\/bentley\/bentley-robusto-pack-de-5x5-25\/","title":{"rendered":"Bentley Robusto Pack de 5&#215;5 (25)"},"content":{"rendered":"<p>Le Bentley Robusto ravira les amateurs en qu\u00eate de modules classiques et de puissance moyenne. Parfaitement construit, il est envelopp\u00e9 d&rsquo;une douce cape \u00e9quatorienne Rosado bien grasse. A cru, les senteurs sont domin\u00e9es par des notes de c\u00e8dre frais. Les premi\u00e8res bouff\u00e9es sont amples et onctueuses, envahissant le palais de saveurs bois\u00e9es et de chocolat noir. Parfaitement \u00e9quilibr\u00e9, les saveurs deviennent plus gourmandes au cours de la d\u00e9gustation, jusqu&rsquo;au bouquet final. Un cigare intense et parfaitement \u00e9quilibr\u00e9.<\/p>","protected":false},"excerpt":{"rendered":"<p>5 paquets de 5 cigares.<\/p>","protected":false},"featured_media":64311,"template":"","meta":{"_acf_changed":false},"product_cat":[29688,24791,24035],"product_tag":[],"bundled_by":[],"bundle_stock_status":"outofstock","bundle_stock_quantity":null,"bundle_virtual":false,"bundle_layout":"","bundle_add_to_cart_form_location":"","bundle_editable_in_cart":false,"bundle_sold_individually_context":"","bundle_item_grouping":"","bundle_min_size":"","bundle_max_size":"","bundled_items":[],"acf":[],"_links":{"self":[{"href":"https:\/\/beta.alpscigar.com\/zh\/wp-json\/wp\/v2\/product\/64313"}],"collection":[{"href":"https:\/\/beta.alpscigar.com\/zh\/wp-json\/wp\/v2\/product"}],"about":[{"href":"https:\/\/beta.alpscigar.com\/zh\/wp-json\/wp\/v2\/types\/product"}],"wp:featuredmedia":[{"embeddable":true,"href":"https:\/\/beta.alpscigar.com\/zh\/wp-json\/wp\/v2\/media\/64311"}],"wp:attachment":[{"href":"https:\/\/beta.alpscigar.com\/zh\/wp-json\/wp\/v2\/media?parent=64313"}],"wp:term":[{"taxonomy":"product_cat","embeddable":true,"href":"https:\/\/beta.alpscigar.com\/zh\/wp-json\/wp\/v2\/product_cat?post=64313"},{"taxonomy":"product_tag","embeddable":true,"href":"https:\/\/beta.alpscigar.com\/zh\/wp-json\/wp\/v2\/product_tag?post=64313"}],"curies":[{"name":"wp","href":"https:\/\/api.w.org\/{rel}","templated":true}]}}