{"id":64334,"date":"2022-04-28T10:13:53","date_gmt":"2022-04-28T09:13:53","guid":{"rendered":"https:\/\/alpscigar.com\/?post_type=product&#038;p=64334"},"modified":"2023-11-02T14:13:28","modified_gmt":"2023-11-02T13:13:28","slug":"bas-armagnac-delord-recolte-1992","status":"publish","type":"product","link":"https:\/\/beta.alpscigar.com\/zh\/shop\/alcools\/armagnac\/delord\/bas-armagnac-delord-recolte-1992\/","title":{"rendered":"Bas Armagnac Delord R\u00e9colte 1992"},"content":{"rendered":"<p>Vinification traditionnelle afin d\u2019obtenir un vin aromatique, l\u00e9g\u00e8rement acide et un degr\u00e9 peu \u00e9lev\u00e9. Distillation continue typique Armagnacaise : alambics \u00e0 colonne \u00e9quip\u00e9s de plateaux \u00ab \u00e0 pattes d\u2019araign\u00e9es \u00bb id\u00e9als pour l\u2019\u00e9laboration de vieux et bas Armagnacs. Elevage en f\u00fbt de ch\u00eane fran\u00e7ais neuf (chauffe forte) puis une finition en pi\u00e8ce \u00ab semi-\u00e9puis\u00e9e \u00bb voir \u00ab \u00e9puis\u00e9e \u00bb.<\/p>","protected":false},"excerpt":{"rendered":"<p>1 bouteille de 70cl.<\/p>","protected":false},"featured_media":64333,"template":"","meta":{"_acf_changed":false},"product_cat":[25246,29667,29770],"product_tag":[],"bundled_by":[],"bundle_stock_status":"instock","bundle_stock_quantity":null,"bundle_virtual":false,"bundle_layout":"","bundle_add_to_cart_form_location":"","bundle_editable_in_cart":false,"bundle_sold_individually_context":"","bundle_item_grouping":"","bundle_min_size":"","bundle_max_size":"","bundled_items":[],"acf":[],"_links":{"self":[{"href":"https:\/\/beta.alpscigar.com\/zh\/wp-json\/wp\/v2\/product\/64334"}],"collection":[{"href":"https:\/\/beta.alpscigar.com\/zh\/wp-json\/wp\/v2\/product"}],"about":[{"href":"https:\/\/beta.alpscigar.com\/zh\/wp-json\/wp\/v2\/types\/product"}],"wp:featuredmedia":[{"embeddable":true,"href":"https:\/\/beta.alpscigar.com\/zh\/wp-json\/wp\/v2\/media\/64333"}],"wp:attachment":[{"href":"https:\/\/beta.alpscigar.com\/zh\/wp-json\/wp\/v2\/media?parent=64334"}],"wp:term":[{"taxonomy":"product_cat","embeddable":true,"href":"https:\/\/beta.alpscigar.com\/zh\/wp-json\/wp\/v2\/product_cat?post=64334"},{"taxonomy":"product_tag","embeddable":true,"href":"https:\/\/beta.alpscigar.com\/zh\/wp-json\/wp\/v2\/product_tag?post=64334"}],"curies":[{"name":"wp","href":"https:\/\/api.w.org\/{rel}","templated":true}]}}