{"id":64354,"date":"2022-04-28T10:18:29","date_gmt":"2022-04-28T09:18:29","guid":{"rendered":"https:\/\/alpscigar.com\/?post_type=product&#038;p=64354"},"modified":"2023-08-31T14:39:08","modified_gmt":"2023-08-31T13:39:08","slug":"bentley-senoritas-10","status":"publish","type":"product","link":"https:\/\/beta.alpscigar.com\/zh\/shop\/nicaraguan-cigars\/bentley\/bentley-senoritas-10\/","title":{"rendered":"Bentley Se\u00f1oritas (10)"},"content":{"rendered":"<p>Une sous-cape du Nicaragua et une cape d&rsquo;\u00c9quateur enveloppent les plus fines tripes \u00e0 base de plusieurs tabacs du Panama et du Costa Rica. <strong>Tous les cigares Bentley Se\u00f1oritas sont fabriqu\u00e9s \u00e0 la main au Nicaragua.<\/strong> Des notes de chocolat terreuses et acidul\u00e9es assurent un plaisir de fumer moyennement fort.<\/p>","protected":false},"excerpt":{"rendered":"<p><span>\u6bcf\u76d2 10 \u652f\u96ea\u8304\u3002<\/span><\/p>","protected":false},"featured_media":64353,"template":"","meta":{"_acf_changed":false},"product_cat":[29688,24791,24035],"product_tag":[],"bundled_by":[],"bundle_stock_status":"instock","bundle_stock_quantity":null,"bundle_virtual":false,"bundle_layout":"","bundle_add_to_cart_form_location":"","bundle_editable_in_cart":false,"bundle_sold_individually_context":"","bundle_item_grouping":"","bundle_min_size":"","bundle_max_size":"","bundled_items":[],"acf":[],"_links":{"self":[{"href":"https:\/\/beta.alpscigar.com\/zh\/wp-json\/wp\/v2\/product\/64354"}],"collection":[{"href":"https:\/\/beta.alpscigar.com\/zh\/wp-json\/wp\/v2\/product"}],"about":[{"href":"https:\/\/beta.alpscigar.com\/zh\/wp-json\/wp\/v2\/types\/product"}],"wp:featuredmedia":[{"embeddable":true,"href":"https:\/\/beta.alpscigar.com\/zh\/wp-json\/wp\/v2\/media\/64353"}],"wp:attachment":[{"href":"https:\/\/beta.alpscigar.com\/zh\/wp-json\/wp\/v2\/media?parent=64354"}],"wp:term":[{"taxonomy":"product_cat","embeddable":true,"href":"https:\/\/beta.alpscigar.com\/zh\/wp-json\/wp\/v2\/product_cat?post=64354"},{"taxonomy":"product_tag","embeddable":true,"href":"https:\/\/beta.alpscigar.com\/zh\/wp-json\/wp\/v2\/product_tag?post=64354"}],"curies":[{"name":"wp","href":"https:\/\/api.w.org\/{rel}","templated":true}]}}