{"id":64365,"date":"2022-04-28T10:18:38","date_gmt":"2022-04-28T09:18:38","guid":{"rendered":"https:\/\/alpscigar.com\/?post_type=product&#038;p=64365"},"modified":"2023-08-31T14:40:30","modified_gmt":"2023-08-31T13:40:30","slug":"bentley-white-robusto-20","status":"publish","type":"product","link":"https:\/\/beta.alpscigar.com\/zh\/shop\/nicaraguan-cigars\/bentley\/bentley-white-robusto-20\/","title":{"rendered":"Bentley White Robusto (20)"},"content":{"rendered":"<p>La r\u00e9gion de Condega est situ\u00e9e au nord-est du Nicaragua. Ici, les sols fertiles offrent d&rsquo;excellentes conditions pour la culture du tabac. La r\u00e9gion est connue pour son tabac doux, qui donne au cigare son ton de base l\u00e9g\u00e8rement cr\u00e9meux. Compl\u00e9t\u00e9 par la cape de couleur claire \u00e0 base de tabac \u00e9quatorien du Connecticut, le <strong>Bentley White Robusto<\/strong> a non seulement un go\u00fbt unique, mais \u00e9galement un aspect caract\u00e9ristique.<\/p>\n<p>Le Bentley White Robusto pr\u00e9sente des ar\u00f4mes de bois, de noix, de caf\u00e9 et d&rsquo;herbes avec une chaleur \u00e9pic\u00e9e de poivre et de gingembre, mais aussi une douceur cacaot\u00e9e. Dans le deuxi\u00e8me tiers, les ar\u00f4mes terreux s&rsquo;imposent. Les \u00e9pices telles que la fra\u00eecheur du carvi et de l&rsquo;eucalyptus apportent de la vari\u00e9t\u00e9.<\/p>","protected":false},"excerpt":{"rendered":"<p>\u6bcf\u76d2 20 \u652f\u3002<\/p>","protected":false},"featured_media":64362,"template":"","meta":{"_acf_changed":false},"product_cat":[29688,24791,24638,24035],"product_tag":[],"bundled_by":[],"bundle_stock_status":"instock","bundle_stock_quantity":null,"bundle_virtual":false,"bundle_layout":"","bundle_add_to_cart_form_location":"","bundle_editable_in_cart":false,"bundle_sold_individually_context":"","bundle_item_grouping":"","bundle_min_size":"","bundle_max_size":"","bundled_items":[],"acf":[],"_links":{"self":[{"href":"https:\/\/beta.alpscigar.com\/zh\/wp-json\/wp\/v2\/product\/64365"}],"collection":[{"href":"https:\/\/beta.alpscigar.com\/zh\/wp-json\/wp\/v2\/product"}],"about":[{"href":"https:\/\/beta.alpscigar.com\/zh\/wp-json\/wp\/v2\/types\/product"}],"wp:featuredmedia":[{"embeddable":true,"href":"https:\/\/beta.alpscigar.com\/zh\/wp-json\/wp\/v2\/media\/64362"}],"wp:attachment":[{"href":"https:\/\/beta.alpscigar.com\/zh\/wp-json\/wp\/v2\/media?parent=64365"}],"wp:term":[{"taxonomy":"product_cat","embeddable":true,"href":"https:\/\/beta.alpscigar.com\/zh\/wp-json\/wp\/v2\/product_cat?post=64365"},{"taxonomy":"product_tag","embeddable":true,"href":"https:\/\/beta.alpscigar.com\/zh\/wp-json\/wp\/v2\/product_tag?post=64365"}],"curies":[{"name":"wp","href":"https:\/\/api.w.org\/{rel}","templated":true}]}}