{"id":64390,"date":"2022-04-28T10:29:53","date_gmt":"2022-04-28T09:29:53","guid":{"rendered":"https:\/\/alpscigar.com\/?post_type=product&#038;p=64390"},"modified":"2023-11-23T09:04:30","modified_gmt":"2023-11-23T08:04:30","slug":"brick-house-robusto-maduro-25","status":"publish","type":"product","link":"https:\/\/beta.alpscigar.com\/zh\/shop\/nicaraguan-cigars\/brickhouse\/brick-house-robusto-maduro-25\/","title":{"rendered":"Brick House Robusto Maduro (25)"},"content":{"rendered":"<p>Brick House est fabriqu\u00e9 par la JC Newman Cigar Company, l&rsquo;une des plus anciennes entreprises de cigares encore d\u00e9tenue et op\u00e9rant \u00e0 Tampa.\u00a0<strong>Le Brick House Robusto Maduro<\/strong> est un puro nicaraguayen de qualit\u00e9 sup\u00e9rieure qui comprend une cape exclusive Havana Subido cultiv\u00e9e au Nicaragua et une sous-cape nicaraguayenne cr\u00e9ant une fum\u00e9e complexe et savoureuse exceptionnelle \u00e0 un prix avantageux. Les cigares Brick House Robusto Maduro ont une fum\u00e9e moyenne \u00e0 cors\u00e9e avec un bel \u00e9quilibre d&rsquo;\u00e9pices, de douceur et de force.<strong> Vous aurez du mal \u00e0 trouver un cigare plus prim\u00e9 que le Brick House Robusto Maduro \u00e0 ce prix !<\/strong><\/p>","protected":false},"excerpt":{"rendered":"<p>\u6bcf\u76d2 25 \u652f\u3002<\/p>","protected":false},"featured_media":267343,"template":"","meta":{"_acf_changed":false},"product_cat":[29690,24791,24035],"product_tag":[],"bundled_by":[],"bundle_stock_status":"instock","bundle_stock_quantity":null,"bundle_virtual":false,"bundle_layout":"","bundle_add_to_cart_form_location":"","bundle_editable_in_cart":false,"bundle_sold_individually_context":"","bundle_item_grouping":"","bundle_min_size":"","bundle_max_size":"","bundled_items":[],"acf":[],"_links":{"self":[{"href":"https:\/\/beta.alpscigar.com\/zh\/wp-json\/wp\/v2\/product\/64390"}],"collection":[{"href":"https:\/\/beta.alpscigar.com\/zh\/wp-json\/wp\/v2\/product"}],"about":[{"href":"https:\/\/beta.alpscigar.com\/zh\/wp-json\/wp\/v2\/types\/product"}],"wp:featuredmedia":[{"embeddable":true,"href":"https:\/\/beta.alpscigar.com\/zh\/wp-json\/wp\/v2\/media\/267343"}],"wp:attachment":[{"href":"https:\/\/beta.alpscigar.com\/zh\/wp-json\/wp\/v2\/media?parent=64390"}],"wp:term":[{"taxonomy":"product_cat","embeddable":true,"href":"https:\/\/beta.alpscigar.com\/zh\/wp-json\/wp\/v2\/product_cat?post=64390"},{"taxonomy":"product_tag","embeddable":true,"href":"https:\/\/beta.alpscigar.com\/zh\/wp-json\/wp\/v2\/product_tag?post=64390"}],"curies":[{"name":"wp","href":"https:\/\/api.w.org\/{rel}","templated":true}]}}