{"id":64398,"date":"2022-04-28T10:30:00","date_gmt":"2022-04-28T09:30:00","guid":{"rendered":"https:\/\/alpscigar.com\/?post_type=product&#038;p=64398"},"modified":"2023-08-31T14:49:01","modified_gmt":"2023-08-31T13:49:01","slug":"brick-house-mighty-mighty-maduro-25","status":"publish","type":"product","link":"https:\/\/beta.alpscigar.com\/zh\/shop\/nicaraguan-cigars\/brickhouse\/brick-house-mighty-mighty-maduro-25\/","title":{"rendered":"Brick House Mighty Mighty Maduro (25)"},"content":{"rendered":"<p><strong>Le Brick House Mighty Mighty Maduro<\/strong>\u00a0est un magnifique puro nicaraguayen con\u00e7u avec une cape Habano brune rouge\u00e2tre fonc\u00e9e et un m\u00e9lange robuste de sous-capes nicaraguayennes. Le r\u00e9sultat est un cigare mi-cors\u00e9 \u00e0 cors\u00e9, riche, savoureux et doux. Des notes de terre, de c\u00e8dre, de poivre et de caf\u00e9 sont compl\u00e9t\u00e9es par une finale grill\u00e9e et l\u00e9g\u00e8rement sucr\u00e9e. Bien fait, savoureux et \u00e0 moindre prix.<\/p>\n<p>Brick House a re\u00e7u une note bien m\u00e9rit\u00e9e de 93 et \u200b\u200ba \u00e9t\u00e9 nomm\u00e9e Top 25 Cigar de 2016 ET Top 25 Cigar de 2010.<\/p>\n<p>JC Newman a \u00e9migr\u00e9 aux \u00c9tats-Unis en 1888 et a fond\u00e9 la JC Newman Cigar Company en Floride sept ans plus tard.\u00a0En 1937, il d\u00e9bute avec la marque de cigares Brick House, qui rend hommage \u00e0 la maison familiale de JC Newman et dans laquelle il passe son enfance.<\/p>\n<p>Jusqu\u2019\u00e0 la R\u00e9volution cubaine, les cigares Brick House \u00e9taient fabriqu\u00e9s exclusivement \u00e0 partir de tabac cubain. Comme cela n\u2019\u00e9tait plus possible apr\u00e8s la r\u00e9volution, il est pass\u00e9 au tabac du Nicaragua. Aujourd\u2019hui, les maisons en briques sont fabriqu\u00e9es exclusivement \u00e0 partir de tabac nicaraguayen.<\/p>","protected":false},"excerpt":{"rendered":"<p>\u6bcf\u76d2 25 \u652f\u3002<\/p>","protected":false},"featured_media":64396,"template":"","meta":{"_acf_changed":false},"product_cat":[29690,24791,24035],"product_tag":[],"bundled_by":[],"bundle_stock_status":"instock","bundle_stock_quantity":null,"bundle_virtual":false,"bundle_layout":"","bundle_add_to_cart_form_location":"","bundle_editable_in_cart":false,"bundle_sold_individually_context":"","bundle_item_grouping":"","bundle_min_size":"","bundle_max_size":"","bundled_items":[],"acf":[],"_links":{"self":[{"href":"https:\/\/beta.alpscigar.com\/zh\/wp-json\/wp\/v2\/product\/64398"}],"collection":[{"href":"https:\/\/beta.alpscigar.com\/zh\/wp-json\/wp\/v2\/product"}],"about":[{"href":"https:\/\/beta.alpscigar.com\/zh\/wp-json\/wp\/v2\/types\/product"}],"wp:featuredmedia":[{"embeddable":true,"href":"https:\/\/beta.alpscigar.com\/zh\/wp-json\/wp\/v2\/media\/64396"}],"wp:attachment":[{"href":"https:\/\/beta.alpscigar.com\/zh\/wp-json\/wp\/v2\/media?parent=64398"}],"wp:term":[{"taxonomy":"product_cat","embeddable":true,"href":"https:\/\/beta.alpscigar.com\/zh\/wp-json\/wp\/v2\/product_cat?post=64398"},{"taxonomy":"product_tag","embeddable":true,"href":"https:\/\/beta.alpscigar.com\/zh\/wp-json\/wp\/v2\/product_tag?post=64398"}],"curies":[{"name":"wp","href":"https:\/\/api.w.org\/{rel}","templated":true}]}}