{"id":64436,"date":"2022-04-28T12:18:02","date_gmt":"2022-04-28T11:18:02","guid":{"rendered":"https:\/\/alpscigar.com\/?post_type=product&#038;p=64436"},"modified":"2023-08-31T14:22:40","modified_gmt":"2023-08-31T13:22:40","slug":"brun-del-re-sampler-box-27","status":"publish","type":"product","link":"https:\/\/beta.alpscigar.com\/zh\/shop\/\u54e5\u65af\u8fbe\u9ece\u52a0\u96ea\u8304\/brun-del-re\/brun-del-re-sampler-box-27\/","title":{"rendered":"Brun Del R\u00e9 Sampler Box (27)"},"content":{"rendered":"<p>La sampler Box De Brun Del R\u00e9 contient un assortiment complet de 27 cigares de la marque. Une d\u00e9gustation sans limite pour d\u00e9couvrir tout l&rsquo;univers du Costa Rica.<\/p>\n<p>&nbsp;<\/p>","protected":false},"excerpt":{"rendered":"<p>Bo\u00eete de 27 cigares.<\/p>","protected":false},"featured_media":64434,"template":"","meta":{"_acf_changed":false},"product_cat":[29693,29735,30014,24952,24791,21208],"product_tag":[],"bundled_by":[],"bundle_stock_status":"outofstock","bundle_stock_quantity":null,"bundle_virtual":false,"bundle_layout":"","bundle_add_to_cart_form_location":"","bundle_editable_in_cart":false,"bundle_sold_individually_context":"","bundle_item_grouping":"","bundle_min_size":"","bundle_max_size":"","bundled_items":[],"acf":[],"_links":{"self":[{"href":"https:\/\/beta.alpscigar.com\/zh\/wp-json\/wp\/v2\/product\/64436"}],"collection":[{"href":"https:\/\/beta.alpscigar.com\/zh\/wp-json\/wp\/v2\/product"}],"about":[{"href":"https:\/\/beta.alpscigar.com\/zh\/wp-json\/wp\/v2\/types\/product"}],"wp:featuredmedia":[{"embeddable":true,"href":"https:\/\/beta.alpscigar.com\/zh\/wp-json\/wp\/v2\/media\/64434"}],"wp:attachment":[{"href":"https:\/\/beta.alpscigar.com\/zh\/wp-json\/wp\/v2\/media?parent=64436"}],"wp:term":[{"taxonomy":"product_cat","embeddable":true,"href":"https:\/\/beta.alpscigar.com\/zh\/wp-json\/wp\/v2\/product_cat?post=64436"},{"taxonomy":"product_tag","embeddable":true,"href":"https:\/\/beta.alpscigar.com\/zh\/wp-json\/wp\/v2\/product_tag?post=64436"}],"curies":[{"name":"wp","href":"https:\/\/api.w.org\/{rel}","templated":true}]}}