{"id":64442,"date":"2022-04-28T12:18:11","date_gmt":"2022-04-28T11:18:11","guid":{"rendered":"https:\/\/alpscigar.com\/?post_type=product&#038;p=64442"},"modified":"2025-05-29T14:38:12","modified_gmt":"2025-05-29T13:38:12","slug":"brun-del-re-pig-culebra-grande-6","status":"publish","type":"product","link":"https:\/\/beta.alpscigar.com\/zh\/shop\/\u54e5\u65af\u8fbe\u9ece\u52a0\u96ea\u8304\/brun-del-re\/brun-del-re-pig-culebra-grande-6\/","title":{"rendered":"Brun Del R\u00e9 Pig Culebra Grande (6)"},"content":{"rendered":"<p>Le Brun Del R\u00e9 Pig Culebra Grande est un \u00e9l\u00e9gant cigare de force moyenne. L&rsquo;ar\u00f4me agr\u00e9able et la cendre solide suscitent le d\u00e9sir de tous les aficionados. La tripe, qui se compose de vari\u00e9t\u00e9s de tabac du Nicaragua, du Costa Rica et de la R\u00e9publique dominicaine, est envelopp\u00e9e dans une sous-cape indon\u00e9sienne. Une teinte Connecticut de l&rsquo;\u00c9quateur sert de cape.<\/p>","protected":false},"excerpt":{"rendered":"<p>\u4e00\u7bb1 6 \u652f\u96ea\u8304\u3002<\/p>","protected":false},"featured_media":64440,"template":"","meta":{"_acf_changed":false},"product_cat":[29693,29735,30014,24791,24638],"product_tag":[],"bundled_by":[],"bundle_stock_status":"instock","bundle_stock_quantity":null,"bundle_virtual":false,"bundle_layout":"","bundle_add_to_cart_form_location":"","bundle_editable_in_cart":false,"bundle_sold_individually_context":"","bundle_item_grouping":"","bundle_min_size":"","bundle_max_size":"","bundled_items":[],"acf":[],"_links":{"self":[{"href":"https:\/\/beta.alpscigar.com\/zh\/wp-json\/wp\/v2\/product\/64442"}],"collection":[{"href":"https:\/\/beta.alpscigar.com\/zh\/wp-json\/wp\/v2\/product"}],"about":[{"href":"https:\/\/beta.alpscigar.com\/zh\/wp-json\/wp\/v2\/types\/product"}],"wp:featuredmedia":[{"embeddable":true,"href":"https:\/\/beta.alpscigar.com\/zh\/wp-json\/wp\/v2\/media\/64440"}],"wp:attachment":[{"href":"https:\/\/beta.alpscigar.com\/zh\/wp-json\/wp\/v2\/media?parent=64442"}],"wp:term":[{"taxonomy":"product_cat","embeddable":true,"href":"https:\/\/beta.alpscigar.com\/zh\/wp-json\/wp\/v2\/product_cat?post=64442"},{"taxonomy":"product_tag","embeddable":true,"href":"https:\/\/beta.alpscigar.com\/zh\/wp-json\/wp\/v2\/product_tag?post=64442"}],"curies":[{"name":"wp","href":"https:\/\/api.w.org\/{rel}","templated":true}]}}