{"id":64452,"date":"2022-04-28T12:22:00","date_gmt":"2022-04-28T11:22:00","guid":{"rendered":"https:\/\/alpscigar.com\/?post_type=product&#038;p=64452"},"modified":"2023-08-31T14:44:58","modified_gmt":"2023-08-31T13:44:58","slug":"cain-f-550-robusto-24","status":"publish","type":"product","link":"https:\/\/beta.alpscigar.com\/zh\/shop\/nicaraguan-cigars\/cain\/cain-f\/cain-f-550-robusto-24\/","title":{"rendered":"Cain F 550 Robusto (24)"},"content":{"rendered":"<p>Le Cain F 550 Robusto est l\u00e9g\u00e8rement plus long que la moyenne, est bien rempli et soyeux au toucher. L&#8217;embrasement se d\u00e9roule lentement. La fum\u00e9e ample et g\u00e9n\u00e9reuse n&rsquo;attaque pas trop le palais. Les trois terroirs s\u00e9lectionn\u00e9s pour composer la tripe de cette vitole offre des notes de cuir et d&rsquo;\u00e9pice. Une belle exp\u00e9rience pour les amateurs de cigares de caract\u00e8re.<\/p>","protected":false},"excerpt":{"rendered":"<p>\u4e00\u76d2 24 \u652f\u3002<\/p>","protected":false},"featured_media":64451,"template":"","meta":{"_acf_changed":false},"product_cat":[29699,29701,24791,24638,24035],"product_tag":[],"bundled_by":[],"bundle_stock_status":"instock","bundle_stock_quantity":null,"bundle_virtual":false,"bundle_layout":"","bundle_add_to_cart_form_location":"","bundle_editable_in_cart":false,"bundle_sold_individually_context":"","bundle_item_grouping":"","bundle_min_size":"","bundle_max_size":"","bundled_items":[],"acf":[],"_links":{"self":[{"href":"https:\/\/beta.alpscigar.com\/zh\/wp-json\/wp\/v2\/product\/64452"}],"collection":[{"href":"https:\/\/beta.alpscigar.com\/zh\/wp-json\/wp\/v2\/product"}],"about":[{"href":"https:\/\/beta.alpscigar.com\/zh\/wp-json\/wp\/v2\/types\/product"}],"wp:featuredmedia":[{"embeddable":true,"href":"https:\/\/beta.alpscigar.com\/zh\/wp-json\/wp\/v2\/media\/64451"}],"wp:attachment":[{"href":"https:\/\/beta.alpscigar.com\/zh\/wp-json\/wp\/v2\/media?parent=64452"}],"wp:term":[{"taxonomy":"product_cat","embeddable":true,"href":"https:\/\/beta.alpscigar.com\/zh\/wp-json\/wp\/v2\/product_cat?post=64452"},{"taxonomy":"product_tag","embeddable":true,"href":"https:\/\/beta.alpscigar.com\/zh\/wp-json\/wp\/v2\/product_tag?post=64452"}],"curies":[{"name":"wp","href":"https:\/\/api.w.org\/{rel}","templated":true}]}}