{"id":64460,"date":"2022-04-28T12:24:45","date_gmt":"2022-04-28T11:24:45","guid":{"rendered":"https:\/\/alpscigar.com\/?post_type=product&#038;p=64460"},"modified":"2023-11-03T16:36:20","modified_gmt":"2023-11-03T15:36:20","slug":"cain-f-double-toro-660-24","status":"publish","type":"product","link":"https:\/\/beta.alpscigar.com\/zh\/shop\/nicaraguan-cigars\/cain\/cain-f\/cain-f-double-toro-660-24\/","title":{"rendered":"Cain F Double Toro 660 (24)"},"content":{"rendered":"<p>Le m\u00e9lange Cain F Double Toro 660 n&rsquo;est pas comparable au Cain Sun Grown ou au Cain Maduro. L&rsquo;utilisation de vieux tabac et une fermentation extr\u00eamement longue ont cr\u00e9\u00e9 un m\u00e9lange qui offre tout ce que vous attendez d&rsquo;un bon cigare de la palette des sensations gustatives du d\u00e9but au poivre noir \u00e0 la terre et aux saveurs de noix et enfin une merveilleuse onctuosit\u00e9.\u00a0Les cigares Cain F Double Toro 660 contiennent la plus forte proportion de tabac fort de la r\u00e9gion d&rsquo;Esteli. Ils sont donc un peu plus forts que les cigares Cain de la s\u00e9rie \u00ab\u00a0Straight Ligero\u00a0\u00bb et font partie des cigares les plus r\u00e9sistants du march\u00e9.<\/p>","protected":false},"excerpt":{"rendered":"<p>\u4e00\u76d2 24 \u652f\u3002<\/p>","protected":false},"featured_media":64458,"template":"","meta":{"_acf_changed":false},"product_cat":[29699,29701,24791,24638,24035],"product_tag":[],"bundled_by":[],"bundle_stock_status":"instock","bundle_stock_quantity":null,"bundle_virtual":false,"bundle_layout":"","bundle_add_to_cart_form_location":"","bundle_editable_in_cart":false,"bundle_sold_individually_context":"","bundle_item_grouping":"","bundle_min_size":"","bundle_max_size":"","bundled_items":[],"acf":[],"_links":{"self":[{"href":"https:\/\/beta.alpscigar.com\/zh\/wp-json\/wp\/v2\/product\/64460"}],"collection":[{"href":"https:\/\/beta.alpscigar.com\/zh\/wp-json\/wp\/v2\/product"}],"about":[{"href":"https:\/\/beta.alpscigar.com\/zh\/wp-json\/wp\/v2\/types\/product"}],"wp:featuredmedia":[{"embeddable":true,"href":"https:\/\/beta.alpscigar.com\/zh\/wp-json\/wp\/v2\/media\/64458"}],"wp:attachment":[{"href":"https:\/\/beta.alpscigar.com\/zh\/wp-json\/wp\/v2\/media?parent=64460"}],"wp:term":[{"taxonomy":"product_cat","embeddable":true,"href":"https:\/\/beta.alpscigar.com\/zh\/wp-json\/wp\/v2\/product_cat?post=64460"},{"taxonomy":"product_tag","embeddable":true,"href":"https:\/\/beta.alpscigar.com\/zh\/wp-json\/wp\/v2\/product_tag?post=64460"}],"curies":[{"name":"wp","href":"https:\/\/api.w.org\/{rel}","templated":true}]}}