{"id":64528,"date":"2022-04-28T12:55:41","date_gmt":"2022-04-28T11:55:41","guid":{"rendered":"https:\/\/alpscigar.com\/?post_type=product&#038;p=64528"},"modified":"2023-12-08T00:37:15","modified_gmt":"2023-12-07T23:37:15","slug":"cendrier-cohiba-rond-noir-et-blanc","status":"publish","type":"product","link":"https:\/\/beta.alpscigar.com\/zh\/shop\/cigars-accessories\/cendriers\/cohiba-cendriers\/cendrier-cohiba-rond-noir-et-blanc\/","title":{"rendered":"Cendrier Cohiba Rond Noir et Blanc"},"content":{"rendered":"<p>Le cendrier Cohiba Rond Noir et Blanc est imprim\u00e9 avec le logo Cohiba et il est en c\u00e9ramique. Une taille id\u00e9ale pour quatre fumeurs de cigares.<\/p>\n<p><strong>Cendrier \u00e0 cigares<\/strong><br \/>\n<strong>Mati\u00e8re :<\/strong> C\u00e9ramique<br \/>\n<strong>Dimensions :<\/strong> \u2205 24 x 4H cm<\/p>","protected":false},"excerpt":{"rendered":"<p>1 x cendrier en c\u00e9ramique.<\/p>","protected":false},"featured_media":64525,"template":"","meta":{"_acf_changed":false},"product_cat":[29746,16870,18796],"product_tag":[],"bundled_by":[],"bundle_stock_status":"outofstock","bundle_stock_quantity":0,"bundle_virtual":false,"bundle_layout":"","bundle_add_to_cart_form_location":"","bundle_editable_in_cart":false,"bundle_sold_individually_context":"","bundle_item_grouping":"","bundle_min_size":"","bundle_max_size":"","bundled_items":[],"acf":[],"_links":{"self":[{"href":"https:\/\/beta.alpscigar.com\/zh\/wp-json\/wp\/v2\/product\/64528"}],"collection":[{"href":"https:\/\/beta.alpscigar.com\/zh\/wp-json\/wp\/v2\/product"}],"about":[{"href":"https:\/\/beta.alpscigar.com\/zh\/wp-json\/wp\/v2\/types\/product"}],"wp:featuredmedia":[{"embeddable":true,"href":"https:\/\/beta.alpscigar.com\/zh\/wp-json\/wp\/v2\/media\/64525"}],"wp:attachment":[{"href":"https:\/\/beta.alpscigar.com\/zh\/wp-json\/wp\/v2\/media?parent=64528"}],"wp:term":[{"taxonomy":"product_cat","embeddable":true,"href":"https:\/\/beta.alpscigar.com\/zh\/wp-json\/wp\/v2\/product_cat?post=64528"},{"taxonomy":"product_tag","embeddable":true,"href":"https:\/\/beta.alpscigar.com\/zh\/wp-json\/wp\/v2\/product_tag?post=64528"}],"curies":[{"name":"wp","href":"https:\/\/api.w.org\/{rel}","templated":true}]}}