{"id":64596,"date":"2022-04-28T13:08:18","date_gmt":"2022-04-28T12:08:18","guid":{"rendered":"https:\/\/alpscigar.com\/?post_type=product&#038;p=64596"},"modified":"2023-11-09T10:47:43","modified_gmt":"2023-11-09T09:47:43","slug":"casa-turrent-1973-gran-robusto-20","status":"publish","type":"product","link":"https:\/\/beta.alpscigar.com\/zh\/shop\/cigares-mexicains\/casa-turrent\/casa-turrent-1973-gran-robusto-20\/","title":{"rendered":"Casa Turrent 1973 Gran Robusto (20)"},"content":{"rendered":"<p>1973 est l&rsquo;ann\u00e9e de naissance d&rsquo;Alejandro Turrent, une de ces ic\u00f4nes du tabac qui laissent une grande impression avec son amour inconditionnel pour son travail et tout ce qui y est li\u00e9. Il se consacre \u00e0 l&rsquo;entreprise familiale et au tabac unique du Mexique avec passion et pr\u00e9cision. Un homme fier de l&rsquo;immense exp\u00e9rience et de l&rsquo;h\u00e9ritage de sa famille.<\/p>\n<p>Le Casa Turrent 1973 Gran Robusto est un cigare de force moyenne qui commence par une note de poivre blanc, adoucie par une agr\u00e9able douceur. Au fur et \u00e0 mesure que la fum\u00e9e progresse, des notes de noix et de cacao apparaissent rapidement, associ\u00e9es \u00e0 un peu de cuir et de caf\u00e9. <strong>Complexe et unique !<\/strong><\/p>","protected":false},"excerpt":{"rendered":"<p>\u6bcf\u76d2 20 \u652f\u3002<\/p>","protected":false},"featured_media":64594,"template":"","meta":{"_acf_changed":false},"product_cat":[25283,25282,24791],"product_tag":[],"bundled_by":[],"bundle_stock_status":"instock","bundle_stock_quantity":null,"bundle_virtual":false,"bundle_layout":"","bundle_add_to_cart_form_location":"","bundle_editable_in_cart":false,"bundle_sold_individually_context":"","bundle_item_grouping":"","bundle_min_size":"","bundle_max_size":"","bundled_items":[],"acf":[],"_links":{"self":[{"href":"https:\/\/beta.alpscigar.com\/zh\/wp-json\/wp\/v2\/product\/64596"}],"collection":[{"href":"https:\/\/beta.alpscigar.com\/zh\/wp-json\/wp\/v2\/product"}],"about":[{"href":"https:\/\/beta.alpscigar.com\/zh\/wp-json\/wp\/v2\/types\/product"}],"wp:featuredmedia":[{"embeddable":true,"href":"https:\/\/beta.alpscigar.com\/zh\/wp-json\/wp\/v2\/media\/64594"}],"wp:attachment":[{"href":"https:\/\/beta.alpscigar.com\/zh\/wp-json\/wp\/v2\/media?parent=64596"}],"wp:term":[{"taxonomy":"product_cat","embeddable":true,"href":"https:\/\/beta.alpscigar.com\/zh\/wp-json\/wp\/v2\/product_cat?post=64596"},{"taxonomy":"product_tag","embeddable":true,"href":"https:\/\/beta.alpscigar.com\/zh\/wp-json\/wp\/v2\/product_tag?post=64596"}],"curies":[{"name":"wp","href":"https:\/\/api.w.org\/{rel}","templated":true}]}}