{"id":64599,"date":"2022-04-28T13:08:22","date_gmt":"2022-04-28T12:08:22","guid":{"rendered":"https:\/\/alpscigar.com\/?post_type=product&#038;p=64599"},"modified":"2025-05-29T14:45:30","modified_gmt":"2025-05-29T13:45:30","slug":"casa-turrent-origenes-robusto-extra-miami-12","status":"publish","type":"product","link":"https:\/\/beta.alpscigar.com\/zh\/shop\/cigares-mexicains\/casa-turrent\/casa-turrent-origenes\/casa-turrent-origenes-robusto-extra-miami-12\/","title":{"rendered":"Casa Turrent Origenes Robusto Extra Miami (12)"},"content":{"rendered":"<p>Avec la S\u00e9rie Casa Turrent Origenes, une nouvelle ligne fra\u00eeche et tr\u00e8s moderne nous vient en quatre compositions diff\u00e9rentes. Tradition et modernit\u00e9 sont nouvellement combin\u00e9es; le r\u00e9sultat est unique et montre encore une fois le Mexique \u00ab\u00a0at it&rsquo;s best\u00a0\u00bb !<\/p>\n<p>R\u00e9jouissez-vous de Casa Turrent Origenes Robusto Extra Miami &#8211; d\u00e9couvrez et appr\u00e9ciez les diff\u00e9rents assemblages et leurs origines.<\/p>","protected":false},"excerpt":{"rendered":"<p>\u6bcf\u76d2 12 \u652f\u3002<\/p>","protected":false},"featured_media":64597,"template":"","meta":{"_acf_changed":false},"product_cat":[25283,29728,25282,24791,21990],"product_tag":[],"bundled_by":[],"bundle_stock_status":"instock","bundle_stock_quantity":null,"bundle_virtual":false,"bundle_layout":"","bundle_add_to_cart_form_location":"","bundle_editable_in_cart":false,"bundle_sold_individually_context":"","bundle_item_grouping":"","bundle_min_size":"","bundle_max_size":"","bundled_items":[],"acf":[],"_links":{"self":[{"href":"https:\/\/beta.alpscigar.com\/zh\/wp-json\/wp\/v2\/product\/64599"}],"collection":[{"href":"https:\/\/beta.alpscigar.com\/zh\/wp-json\/wp\/v2\/product"}],"about":[{"href":"https:\/\/beta.alpscigar.com\/zh\/wp-json\/wp\/v2\/types\/product"}],"wp:featuredmedia":[{"embeddable":true,"href":"https:\/\/beta.alpscigar.com\/zh\/wp-json\/wp\/v2\/media\/64597"}],"wp:attachment":[{"href":"https:\/\/beta.alpscigar.com\/zh\/wp-json\/wp\/v2\/media?parent=64599"}],"wp:term":[{"taxonomy":"product_cat","embeddable":true,"href":"https:\/\/beta.alpscigar.com\/zh\/wp-json\/wp\/v2\/product_cat?post=64599"},{"taxonomy":"product_tag","embeddable":true,"href":"https:\/\/beta.alpscigar.com\/zh\/wp-json\/wp\/v2\/product_tag?post=64599"}],"curies":[{"name":"wp","href":"https:\/\/api.w.org\/{rel}","templated":true}]}}