{"id":64639,"date":"2022-04-28T13:17:56","date_gmt":"2022-04-28T12:17:56","guid":{"rendered":"https:\/\/alpscigar.com\/?post_type=product&#038;p=64639"},"modified":"2023-12-08T00:37:17","modified_gmt":"2023-12-07T23:37:17","slug":"cendrier-davidoff-winston-churchill-2021","status":"publish","type":"product","link":"https:\/\/beta.alpscigar.com\/zh\/shop\/cigars-accessories\/cendriers\/davidoff-cendriers\/cendrier-davidoff-winston-churchill-2021\/","title":{"rendered":"Cendrier Davidoff Winston Churchill 2021"},"content":{"rendered":"<p>Ce cendrier exclusif en porcelaine est de forme classique avec deux encoches pour cigares et compl\u00e8te la collection Davidoff Winston Churchill Limited Edition 2021.<\/p>\n<ul>\n<li>Une longue dur\u00e9e de vie garantie par une porcelaine fine de haute qualit\u00e9, fabriqu\u00e9e par des artisans fran\u00e7ais exp\u00e9riment\u00e9s<\/li>\n<li>Comme les meilleurs mat\u00e9riaux sont utilis\u00e9s pour la fabrication de ce cendrier exclusif, il peut \u00eatre facilement nettoy\u00e9 \u00e0 l&rsquo;eau courante<\/li>\n<li>Une ic\u00f4ne dor\u00e9e de haute qualit\u00e9 imprim\u00e9e au laser pour attirer l&rsquo;attention<\/li>\n<li>Taille classique, pratique et id\u00e9ale pour tenir deux cigares<\/li>\n<li>Num\u00e9rot\u00e9 \u00e0 la main et limit\u00e9 \u00e0 700 pi\u00e8ces dans le monde<\/li>\n<li>Dimension : 200 x 160 x 33 mm<\/li>\n<li>Fabriqu\u00e9 en France<\/li>\n<\/ul>","protected":false},"excerpt":{"rendered":"<p>1 cendrier en porcelaine.<\/p>","protected":false},"featured_media":92088,"template":"","meta":{"_acf_changed":false},"product_cat":[29758,16870,18796],"product_tag":[],"bundled_by":[],"bundle_stock_status":"outofstock","bundle_stock_quantity":0,"bundle_virtual":false,"bundle_layout":"","bundle_add_to_cart_form_location":"","bundle_editable_in_cart":false,"bundle_sold_individually_context":"","bundle_item_grouping":"","bundle_min_size":"","bundle_max_size":"","bundled_items":[],"acf":[],"_links":{"self":[{"href":"https:\/\/beta.alpscigar.com\/zh\/wp-json\/wp\/v2\/product\/64639"}],"collection":[{"href":"https:\/\/beta.alpscigar.com\/zh\/wp-json\/wp\/v2\/product"}],"about":[{"href":"https:\/\/beta.alpscigar.com\/zh\/wp-json\/wp\/v2\/types\/product"}],"wp:featuredmedia":[{"embeddable":true,"href":"https:\/\/beta.alpscigar.com\/zh\/wp-json\/wp\/v2\/media\/92088"}],"wp:attachment":[{"href":"https:\/\/beta.alpscigar.com\/zh\/wp-json\/wp\/v2\/media?parent=64639"}],"wp:term":[{"taxonomy":"product_cat","embeddable":true,"href":"https:\/\/beta.alpscigar.com\/zh\/wp-json\/wp\/v2\/product_cat?post=64639"},{"taxonomy":"product_tag","embeddable":true,"href":"https:\/\/beta.alpscigar.com\/zh\/wp-json\/wp\/v2\/product_tag?post=64639"}],"curies":[{"name":"wp","href":"https:\/\/api.w.org\/{rel}","templated":true}]}}