{"id":64740,"date":"2022-04-28T13:43:50","date_gmt":"2022-04-28T12:43:50","guid":{"rendered":"https:\/\/alpscigar.com\/?post_type=product&#038;p=64740"},"modified":"2023-08-31T14:21:00","modified_gmt":"2023-08-31T13:21:00","slug":"cheval-bondieu-rhum-extraordinaire-70cl","status":"publish","type":"product","link":"https:\/\/beta.alpscigar.com\/zh\/shop\/alcools\/rhum\/a-1710\/cheval-bondieu-rhum-extraordinaire-70cl\/","title":{"rendered":"Cheval Bondieu Rhum Extraordinaire 70cl"},"content":{"rendered":"<p>Nouvelle cuv\u00e9e de la Maison A 1710 porte le nom de Cheval Bondieu, animal mythologique antillais. C\u2019est le premier rhum \u00e9lev\u00e9 sous-bois qui r\u00e9sulte des propres distillations de la distillerie A-1710. Distill\u00e9 en alambic multi-colonne, ce rhum est issu d\u2019un assemblage de rhum \u00e9lev\u00e9 entre 18 \u00e0 36 mois en barriques de ch\u00eane fran\u00e7ais et am\u00e9ricain.<\/p>\n<p>Cette \u00e9dition est limit\u00e9e \u00e0 <strong>822 exemplaires.\u00a0<\/strong><\/p>\n<h4 class=\"uppercase\">Notes de d\u00e9gustation<\/h4>\n<p>Il pr\u00e9sente une robe ambr\u00e9e aux d\u00e9licats reflets acajou. Au nez, les notes fruit\u00e9es se marie aux senteurs de canne, ce qui lui donne sa belle identit\u00e9 martiniquaise. Sur ce nez gourmand, on rel\u00e8ve \u00e9galement des senteurs de miel et de pain d\u2019\u00e9pices.<\/p>\n<p>En bouche,\u00a0il s\u2019exprime par des\u00a0notes empyreumatiques de caf\u00e9 torr\u00e9fi\u00e9, de vanille avec une touche bois\u00e9e. On rel\u00e8ve une saveur fruit\u00e9e et gourmande.<\/p>\n<p>Agr\u00e9able finale sur les \u00e9pices<\/p>","protected":false},"excerpt":{"rendered":"<p><span>1 bouteille de 70cl.<\/span><\/p>","protected":false},"featured_media":64739,"template":"","meta":{"_acf_changed":false},"product_cat":[29640,25246,29991],"product_tag":[],"bundled_by":[],"bundle_stock_status":"instock","bundle_stock_quantity":null,"bundle_virtual":false,"bundle_layout":"","bundle_add_to_cart_form_location":"","bundle_editable_in_cart":false,"bundle_sold_individually_context":"","bundle_item_grouping":"","bundle_min_size":"","bundle_max_size":"","bundled_items":[],"acf":[],"_links":{"self":[{"href":"https:\/\/beta.alpscigar.com\/zh\/wp-json\/wp\/v2\/product\/64740"}],"collection":[{"href":"https:\/\/beta.alpscigar.com\/zh\/wp-json\/wp\/v2\/product"}],"about":[{"href":"https:\/\/beta.alpscigar.com\/zh\/wp-json\/wp\/v2\/types\/product"}],"wp:featuredmedia":[{"embeddable":true,"href":"https:\/\/beta.alpscigar.com\/zh\/wp-json\/wp\/v2\/media\/64739"}],"wp:attachment":[{"href":"https:\/\/beta.alpscigar.com\/zh\/wp-json\/wp\/v2\/media?parent=64740"}],"wp:term":[{"taxonomy":"product_cat","embeddable":true,"href":"https:\/\/beta.alpscigar.com\/zh\/wp-json\/wp\/v2\/product_cat?post=64740"},{"taxonomy":"product_tag","embeddable":true,"href":"https:\/\/beta.alpscigar.com\/zh\/wp-json\/wp\/v2\/product_tag?post=64740"}],"curies":[{"name":"wp","href":"https:\/\/api.w.org\/{rel}","templated":true}]}}