{"id":64804,"date":"2022-04-28T13:53:11","date_gmt":"2022-04-28T12:53:11","guid":{"rendered":"https:\/\/alpscigar.com\/?post_type=product&#038;p=64804"},"modified":"2023-11-04T00:14:05","modified_gmt":"2023-11-03T23:14:05","slug":"coffret-de-degustation-de-single-malt","status":"publish","type":"product","link":"https:\/\/beta.alpscigar.com\/zh\/shop\/alcools\/whisky\/seven-seals\/coffret-de-degustation-de-single-malt\/","title":{"rendered":"Coffret de d\u00e9gustation de single malt"},"content":{"rendered":"<p class=\"p1\"><span class=\"s1\">Une id\u00e9e cadeau sp\u00e9ciale pour les amateurs de single malt et de whisky qui sont ouverts \u00e0 de nouvelles id\u00e9es. Le set de d\u00e9gustation attrayant comprend des \u00e9chantillons de trois single malts diff\u00e9rents, partiellement prim\u00e9s, de Seven Seals Distillery AG, ainsi qu\u2019une brochure comme mat\u00e9riel de lecture. Ce cadeau quelque peu diff\u00e9rent est une source d\u2019inspiration certaine.<\/span><\/p>\n<p class=\"p1\"><span class=\"s1\">Il s\u2019agit d\u2019un livre<span class=\"Apple-converted-space\">\u00a0<\/span>avec trois \u00e9prouvettes de whisky int\u00e9gr\u00e9es. Ceux-ci contiennent 3cl chacun d\u2019un \u00ab\u00a0Seven Seals Sherry Wood Finish\u00a0\u00bb, d\u2019un \u00ab\u00a0Seven Seals Port Wood Finish\u00a0\u00bb et d\u2019un \u00ab\u00a0Seven Seals Peated Port Wood Finish\u00a0\u00bb avec une teneur en alcool de 46%Vol.<\/span><\/p>","protected":false},"excerpt":{"rendered":"<p>3 \u00e9prouvettes de 3cl.<\/p>","protected":false},"featured_media":64801,"template":"","meta":{"_acf_changed":false},"product_cat":[25246,30007,30043],"product_tag":[],"bundled_by":[],"bundle_stock_status":"outofstock","bundle_stock_quantity":0,"bundle_virtual":false,"bundle_layout":"","bundle_add_to_cart_form_location":"","bundle_editable_in_cart":false,"bundle_sold_individually_context":"","bundle_item_grouping":"","bundle_min_size":"","bundle_max_size":"","bundled_items":[],"acf":[],"_links":{"self":[{"href":"https:\/\/beta.alpscigar.com\/zh\/wp-json\/wp\/v2\/product\/64804"}],"collection":[{"href":"https:\/\/beta.alpscigar.com\/zh\/wp-json\/wp\/v2\/product"}],"about":[{"href":"https:\/\/beta.alpscigar.com\/zh\/wp-json\/wp\/v2\/types\/product"}],"wp:featuredmedia":[{"embeddable":true,"href":"https:\/\/beta.alpscigar.com\/zh\/wp-json\/wp\/v2\/media\/64801"}],"wp:attachment":[{"href":"https:\/\/beta.alpscigar.com\/zh\/wp-json\/wp\/v2\/media?parent=64804"}],"wp:term":[{"taxonomy":"product_cat","embeddable":true,"href":"https:\/\/beta.alpscigar.com\/zh\/wp-json\/wp\/v2\/product_cat?post=64804"},{"taxonomy":"product_tag","embeddable":true,"href":"https:\/\/beta.alpscigar.com\/zh\/wp-json\/wp\/v2\/product_tag?post=64804"}],"curies":[{"name":"wp","href":"https:\/\/api.w.org\/{rel}","templated":true}]}}