{"id":64992,"date":"2022-04-28T14:23:57","date_gmt":"2022-04-28T13:23:57","guid":{"rendered":"https:\/\/alpscigar.com\/?post_type=product&#038;p=64992"},"modified":"2023-08-31T14:44:08","modified_gmt":"2023-08-31T13:44:08","slug":"costa-robusto-25","status":"publish","type":"product","link":"https:\/\/beta.alpscigar.com\/zh\/shop\/nicaraguan-cigars\/costa\/costa-robusto-25\/","title":{"rendered":"Costa Robusto (25)"},"content":{"rendered":"<p>Le tabac \u00e9tant un produit allotropique, il acquiert le go\u00fbt et l&rsquo;odeur de l&rsquo;endroit o\u00f9 il est transform\u00e9. TABACOSTA a int\u00e9gr\u00e9 des techniques cubaines pour am\u00e9liorer et valoriser les feuilles de tabac apr\u00e8s un processus d&rsquo;environ 3 mois, de sorte que notre mati\u00e8re premi\u00e8re \u00abtabac\u00bb acquiert une qualit\u00e9 parmi les meilleures au monde.<\/p>\n<p>Les cigares Costa Robusto sont fabriqu\u00e9s \u00e0 la mani\u00e8re \u00abentubao\u00bb en repliant les feuilles de mani\u00e8re \u00e0 cr\u00e9er des passages d&rsquo;air garantissant que chaque bouff\u00e9e contient tous les ar\u00f4mes du tabac. C&rsquo;est un m\u00e9lange de trois types de feuilles qui constitue le c\u0153ur du cigare.<\/p>\n<p>Une fois nos cigares fabriqu\u00e9s, ils sont plac\u00e9s dans une armoire r\u00e9frig\u00e9rante, appel\u00e9e ESCAPARATE, dans laquelle les cigares sont conserv\u00e9s pendant trois mois apr\u00e8s leur roulage.\u00a0Les conditions d&rsquo;humidit\u00e9 les plus strictes (69% d&rsquo;humidit\u00e9 relative) et de temp\u00e9rature (20 \u00b0 C) sont surveill\u00e9es dans l&rsquo;ESCAPARATE, enti\u00e8rement recouvert de bois de c\u00e8dre.<\/p>\n<p>Les liguas utilis\u00e9es pour fabriquer les Costa Robusto ont \u00e9t\u00e9 d\u00e9gust\u00e9es et contrast\u00e9es pour s&rsquo;assurer que l&rsquo;ar\u00f4me, la saveur et la combustion donnent au fumeur un plaisir agr\u00e9able \u00e0 chaque bouff\u00e9e. Nous avons \u00e9galement pris soin de donner la bonne mesure au cigare, en certifiant que le poids, le diam\u00e8tre et la longueur r\u00e9sultent de la m\u00eame forme que les cigares cubains.\u00a0Les Costa Robusto sont fabriqu\u00e9s par des rouleaux de cigares avec plus de 20 ans d&rsquo;exp\u00e9rience.<\/p>\n<p>&nbsp;<\/p>","protected":false},"excerpt":{"rendered":"<p>\u6bcf\u76d2 25 \u652f\u3002<\/p>","protected":false},"featured_media":64989,"template":"","meta":{"_acf_changed":false},"product_cat":[29753,24791,24035],"product_tag":[],"bundled_by":[],"bundle_stock_status":"outofstock","bundle_stock_quantity":0,"bundle_virtual":false,"bundle_layout":"","bundle_add_to_cart_form_location":"","bundle_editable_in_cart":false,"bundle_sold_individually_context":"","bundle_item_grouping":"","bundle_min_size":"","bundle_max_size":"","bundled_items":[],"acf":[],"_links":{"self":[{"href":"https:\/\/beta.alpscigar.com\/zh\/wp-json\/wp\/v2\/product\/64992"}],"collection":[{"href":"https:\/\/beta.alpscigar.com\/zh\/wp-json\/wp\/v2\/product"}],"about":[{"href":"https:\/\/beta.alpscigar.com\/zh\/wp-json\/wp\/v2\/types\/product"}],"wp:featuredmedia":[{"embeddable":true,"href":"https:\/\/beta.alpscigar.com\/zh\/wp-json\/wp\/v2\/media\/64989"}],"wp:attachment":[{"href":"https:\/\/beta.alpscigar.com\/zh\/wp-json\/wp\/v2\/media?parent=64992"}],"wp:term":[{"taxonomy":"product_cat","embeddable":true,"href":"https:\/\/beta.alpscigar.com\/zh\/wp-json\/wp\/v2\/product_cat?post=64992"},{"taxonomy":"product_tag","embeddable":true,"href":"https:\/\/beta.alpscigar.com\/zh\/wp-json\/wp\/v2\/product_tag?post=64992"}],"curies":[{"name":"wp","href":"https:\/\/api.w.org\/{rel}","templated":true}]}}