{"id":65003,"date":"2022-04-28T14:26:10","date_gmt":"2022-04-28T13:26:10","guid":{"rendered":"https:\/\/alpscigar.com\/?post_type=product&#038;p=65003"},"modified":"2023-12-05T13:16:16","modified_gmt":"2023-12-05T12:16:16","slug":"colibri-quasar-noir-li710t1","status":"publish","type":"product","link":"https:\/\/beta.alpscigar.com\/zh\/shop\/cigars-accessories\/lighters\/colibri-briquets\/colibri-quasar-noir-li710t1\/","title":{"rendered":"Colibri Quasar Noir LI710T1"},"content":{"rendered":"<p>Le briquet de table Colibri Quasar Noir LI710T1 est un briquet triple flamme avec allumage int\u00e9gr\u00e9. Avec des portes rapides \u00e0 r\u00e9traction sur une simple action, le briquet fournit une flamme constante dans le design Quasar signature. Le corps pyramidal m\u00e9tallique du briquet met en valeur son \u00e9l\u00e9gance ainsi que sa fonctionnalit\u00e9 robuste et il comprend des coussinets en caoutchouc antid\u00e9rapants qui maintiendront le briquet fermement sur votre table basse ou votre bureau sans rayer la surface.<\/p>\n<ul class=\"features\">\n<li class=\"Table+lighter\">Briquet de table<\/li>\n<li class=\"Triple-jet+pyramid+flame\">Flamme torche pyramidale \u00e0 triple jet<\/li>\n<li class=\"Refillable+butane\">Butane rechargeable<\/li>\n<li class=\"Gift+box+included\">Coffret cadeau inclus<\/li>\n<\/ul>\n<p class=\"warranty\">Garantie de deux ans<\/p>","protected":false},"excerpt":{"rendered":"<p><span>1 briquet de table triple flamme.<\/span><\/p>","protected":false},"featured_media":65001,"template":"","meta":{"_acf_changed":false},"product_cat":[29749],"product_tag":[],"bundled_by":[],"bundle_stock_status":"instock","bundle_stock_quantity":2,"bundle_virtual":false,"bundle_layout":"","bundle_add_to_cart_form_location":"","bundle_editable_in_cart":false,"bundle_sold_individually_context":"","bundle_item_grouping":"","bundle_min_size":"","bundle_max_size":"","bundled_items":[],"acf":[],"_links":{"self":[{"href":"https:\/\/beta.alpscigar.com\/zh\/wp-json\/wp\/v2\/product\/65003"}],"collection":[{"href":"https:\/\/beta.alpscigar.com\/zh\/wp-json\/wp\/v2\/product"}],"about":[{"href":"https:\/\/beta.alpscigar.com\/zh\/wp-json\/wp\/v2\/types\/product"}],"wp:featuredmedia":[{"embeddable":true,"href":"https:\/\/beta.alpscigar.com\/zh\/wp-json\/wp\/v2\/media\/65001"}],"wp:attachment":[{"href":"https:\/\/beta.alpscigar.com\/zh\/wp-json\/wp\/v2\/media?parent=65003"}],"wp:term":[{"taxonomy":"product_cat","embeddable":true,"href":"https:\/\/beta.alpscigar.com\/zh\/wp-json\/wp\/v2\/product_cat?post=65003"},{"taxonomy":"product_tag","embeddable":true,"href":"https:\/\/beta.alpscigar.com\/zh\/wp-json\/wp\/v2\/product_tag?post=65003"}],"curies":[{"name":"wp","href":"https:\/\/api.w.org\/{rel}","templated":true}]}}