{"id":65293,"date":"2022-04-29T07:44:14","date_gmt":"2022-04-29T06:44:14","guid":{"rendered":"https:\/\/alpscigar.com\/?post_type=product&#038;p=65293"},"modified":"2023-08-31T14:46:46","modified_gmt":"2023-08-31T13:46:46","slug":"flor-de-selva-fino-25","status":"publish","type":"product","link":"https:\/\/beta.alpscigar.com\/zh\/shop\/honduran-cigars\/flor-de-selva\/flor-de-selva-fino-25\/","title":{"rendered":"Flor de Selva Fino (25)"},"content":{"rendered":"<p>Le Flor de Selva Fino est de la taille d&rsquo;un grand Corona et est correctement cap\u00e9. Il d\u00e9livre \u00e0 l&rsquo;allumage, des senteurs bois\u00e9es plut\u00f4t agr\u00e9ables. La seconde partie offre quelques ar\u00f4mes plus \u00e9pic\u00e9s.<\/p>","protected":false},"excerpt":{"rendered":"<p>\u6bcf\u76d2 25 \u652f\u3002<\/p>","protected":false},"featured_media":65291,"template":"","meta":{"_acf_changed":false},"product_cat":[25242,24791,25046],"product_tag":[],"bundled_by":[],"bundle_stock_status":"instock","bundle_stock_quantity":null,"bundle_virtual":false,"bundle_layout":"","bundle_add_to_cart_form_location":"","bundle_editable_in_cart":false,"bundle_sold_individually_context":"","bundle_item_grouping":"","bundle_min_size":"","bundle_max_size":"","bundled_items":[],"acf":[],"_links":{"self":[{"href":"https:\/\/beta.alpscigar.com\/zh\/wp-json\/wp\/v2\/product\/65293"}],"collection":[{"href":"https:\/\/beta.alpscigar.com\/zh\/wp-json\/wp\/v2\/product"}],"about":[{"href":"https:\/\/beta.alpscigar.com\/zh\/wp-json\/wp\/v2\/types\/product"}],"wp:featuredmedia":[{"embeddable":true,"href":"https:\/\/beta.alpscigar.com\/zh\/wp-json\/wp\/v2\/media\/65291"}],"wp:attachment":[{"href":"https:\/\/beta.alpscigar.com\/zh\/wp-json\/wp\/v2\/media?parent=65293"}],"wp:term":[{"taxonomy":"product_cat","embeddable":true,"href":"https:\/\/beta.alpscigar.com\/zh\/wp-json\/wp\/v2\/product_cat?post=65293"},{"taxonomy":"product_tag","embeddable":true,"href":"https:\/\/beta.alpscigar.com\/zh\/wp-json\/wp\/v2\/product_tag?post=65293"}],"curies":[{"name":"wp","href":"https:\/\/api.w.org\/{rel}","templated":true}]}}