{"id":65301,"date":"2022-04-29T07:45:29","date_gmt":"2022-04-29T06:45:29","guid":{"rendered":"https:\/\/alpscigar.com\/?post_type=product&#038;p=65301"},"modified":"2023-08-31T14:46:56","modified_gmt":"2023-08-31T13:46:56","slug":"flor-de-selva-siesta-20","status":"publish","type":"product","link":"https:\/\/beta.alpscigar.com\/zh\/shop\/honduran-cigars\/flor-de-selva\/flor-de-selva-siesta-20\/","title":{"rendered":"Flor de Selva Siesta (20)"},"content":{"rendered":"<p>Le Flor de Selva Siesta est un tr\u00e8s petit corona est il est tr\u00e8s bien roul\u00e9 dans une cape de qualit\u00e9. L\u2019allumage offre rapidement au palais un spectre aromatique fruit\u00e9 et herbac\u00e9. La puissance ne se fait pas vraiment ressentir mais la vitole se laisse fumer agr\u00e9ablement, offrant en cours de d\u00e9gustation quelques ar\u00f4mes de cuir, domin\u00e9es par des notes torr\u00e9fi\u00e9es. Un compagnon parfait pour accompagner un ap\u00e9ritif.<\/p>","protected":false},"excerpt":{"rendered":"<p>\u6bcf\u76d2 20 \u652f\u3002<\/p>","protected":false},"featured_media":65298,"template":"","meta":{"_acf_changed":false},"product_cat":[25242,24791,25046],"product_tag":[],"bundled_by":[],"bundle_stock_status":"instock","bundle_stock_quantity":null,"bundle_virtual":false,"bundle_layout":"","bundle_add_to_cart_form_location":"","bundle_editable_in_cart":false,"bundle_sold_individually_context":"","bundle_item_grouping":"","bundle_min_size":"","bundle_max_size":"","bundled_items":[],"acf":[],"_links":{"self":[{"href":"https:\/\/beta.alpscigar.com\/zh\/wp-json\/wp\/v2\/product\/65301"}],"collection":[{"href":"https:\/\/beta.alpscigar.com\/zh\/wp-json\/wp\/v2\/product"}],"about":[{"href":"https:\/\/beta.alpscigar.com\/zh\/wp-json\/wp\/v2\/types\/product"}],"wp:featuredmedia":[{"embeddable":true,"href":"https:\/\/beta.alpscigar.com\/zh\/wp-json\/wp\/v2\/media\/65298"}],"wp:attachment":[{"href":"https:\/\/beta.alpscigar.com\/zh\/wp-json\/wp\/v2\/media?parent=65301"}],"wp:term":[{"taxonomy":"product_cat","embeddable":true,"href":"https:\/\/beta.alpscigar.com\/zh\/wp-json\/wp\/v2\/product_cat?post=65301"},{"taxonomy":"product_tag","embeddable":true,"href":"https:\/\/beta.alpscigar.com\/zh\/wp-json\/wp\/v2\/product_tag?post=65301"}],"curies":[{"name":"wp","href":"https:\/\/api.w.org\/{rel}","templated":true}]}}