{"id":65390,"date":"2022-04-29T08:18:37","date_gmt":"2022-04-29T07:18:37","guid":{"rendered":"https:\/\/alpscigar.com\/?post_type=product&#038;p=65390"},"modified":"2023-11-05T12:09:52","modified_gmt":"2023-11-05T11:09:52","slug":"furia-alecto","status":"publish","type":"product","link":"https:\/\/beta.alpscigar.com\/zh\/shop\/nicaraguan-cigars\/furia\/furia-alecto\/","title":{"rendered":"Furia Alecto"},"content":{"rendered":"<p><strong>Furia Alecto.\u00a0Le plus petit de la gamme, ce short robusto est plut\u00f4t bien roul\u00e9 !<\/strong><\/p>\n<p>Habill\u00e9 d\u2019une belle cape maduro, l\u2019embrasement est rapide et la fum\u00e9e g\u00e9n\u00e9reuse. Rapidement, des notes bois\u00e9es envahissent le palais. Quelques notes de miel s\u2019invitent au 2\u00e8me tiers, soutenues par des touches poivr\u00e9es l\u00e9g\u00e8rement \u00e9pic\u00e9es. La puissance s\u2019installe sur le dernier tiers sans toutefois devenir trop envahissante. Un cigare \u00e0 forte personnalit\u00e9 mais qui se laisse dompter.<\/p>\n<p>\u6bcf\u76d2 10 \u652f\u96ea\u8304\u3002<\/p>","protected":false},"excerpt":{"rendered":"<p>Furia Alecto. Bo\u00eete de 10 cigares.<\/p>","protected":false},"featured_media":65388,"template":"","meta":{"_acf_changed":false},"product_cat":[29829,24791,24035],"product_tag":[],"bundled_by":[],"bundle_stock_status":"instock","bundle_stock_quantity":9,"bundle_virtual":false,"bundle_layout":"","bundle_add_to_cart_form_location":"","bundle_editable_in_cart":false,"bundle_sold_individually_context":"","bundle_item_grouping":"","bundle_min_size":"","bundle_max_size":"","bundled_items":[],"acf":[],"_links":{"self":[{"href":"https:\/\/beta.alpscigar.com\/zh\/wp-json\/wp\/v2\/product\/65390"}],"collection":[{"href":"https:\/\/beta.alpscigar.com\/zh\/wp-json\/wp\/v2\/product"}],"about":[{"href":"https:\/\/beta.alpscigar.com\/zh\/wp-json\/wp\/v2\/types\/product"}],"wp:featuredmedia":[{"embeddable":true,"href":"https:\/\/beta.alpscigar.com\/zh\/wp-json\/wp\/v2\/media\/65388"}],"wp:attachment":[{"href":"https:\/\/beta.alpscigar.com\/zh\/wp-json\/wp\/v2\/media?parent=65390"}],"wp:term":[{"taxonomy":"product_cat","embeddable":true,"href":"https:\/\/beta.alpscigar.com\/zh\/wp-json\/wp\/v2\/product_cat?post=65390"},{"taxonomy":"product_tag","embeddable":true,"href":"https:\/\/beta.alpscigar.com\/zh\/wp-json\/wp\/v2\/product_tag?post=65390"}],"curies":[{"name":"wp","href":"https:\/\/api.w.org\/{rel}","templated":true}]}}