{"id":65396,"date":"2022-04-29T08:19:12","date_gmt":"2022-04-29T07:19:12","guid":{"rendered":"https:\/\/alpscigar.com\/?post_type=product&#038;p=65396"},"modified":"2023-10-04T16:01:41","modified_gmt":"2023-10-04T15:01:41","slug":"furia-tisiphone","status":"publish","type":"product","link":"https:\/\/beta.alpscigar.com\/zh\/shop\/nicaraguan-cigars\/furia\/furia-tisiphone\/","title":{"rendered":"Furia Tisiphone"},"content":{"rendered":"<p><strong>Auparavant, le Furia Tisiphone avait \u00e9t\u00e9 vendu sous un autre nom,<\/strong> ce cigare dans l&rsquo;un ou l&rsquo;autre humidor est devenu un favori absolu.<\/p>\n<p><strong>Le Furia Tisiphone est un magnifique cigare de type grand toro.<\/strong> L\u2019allumage est ais\u00e9 et son tirage excellent. <strong>La puissance sera moins pr\u00e9sente que sur le Megaera et l\u2019Alecto.<\/strong> Tr\u00e8s gourmand, ce grand toro s\u00e9duit par ses saveurs \u00ab brioch\u00e9es \u00bb aux ar\u00f4mes de fruits secs et de fruits \u00e0 coques. La d\u00e9gustation est tr\u00e8s agr\u00e9able avec une fum\u00e9e bien ronde et cr\u00e9meuse \u00e9voluant sur des notes grill\u00e9es et miell\u00e9es.<\/p>\n<p>Les Puros nicaraguayens sont fabriqu\u00e9s dans la m\u00eame usine que les cigares Nicarao.\u00a0Les cigares noirs d\u00e9gagent une odeur agr\u00e9able dans la bo\u00eete de dix et tirent imm\u00e9diatement les yeux du connaisseur sur lui-m\u00eame.\u00a0Au lieu d&rsquo;une banderole, <strong>un fil de laine color\u00e9 orne chaque cigare.<\/strong>\u00a0Une fois enflamm\u00e9, le cigare ravit le palais avec des ar\u00f4mes sucr\u00e9s et cr\u00e9meux, une touche de fleurs fra\u00eeches et un peu de miel.\u00a0<strong>Les cigares sont tr\u00e8s \u00e9quilibr\u00e9s, br\u00fblent et surprennent par des ar\u00f4mes tr\u00e8s complexes, qui atteignent en rond et en douceur la bouche.<\/strong><\/p>\n<p>\u6bcf\u76d2 10 \u652f\u96ea\u8304\u3002<\/p>","protected":false},"excerpt":{"rendered":"<p>Furia Tisiphone.\u00a0Bo\u00eete de 10 cigares.<\/p>","protected":false},"featured_media":65394,"template":"","meta":{"_acf_changed":false},"product_cat":[29829,24791,24035],"product_tag":[],"bundled_by":[],"bundle_stock_status":"outofstock","bundle_stock_quantity":0,"bundle_virtual":false,"bundle_layout":"","bundle_add_to_cart_form_location":"","bundle_editable_in_cart":false,"bundle_sold_individually_context":"","bundle_item_grouping":"","bundle_min_size":"","bundle_max_size":"","bundled_items":[],"acf":[],"_links":{"self":[{"href":"https:\/\/beta.alpscigar.com\/zh\/wp-json\/wp\/v2\/product\/65396"}],"collection":[{"href":"https:\/\/beta.alpscigar.com\/zh\/wp-json\/wp\/v2\/product"}],"about":[{"href":"https:\/\/beta.alpscigar.com\/zh\/wp-json\/wp\/v2\/types\/product"}],"wp:featuredmedia":[{"embeddable":true,"href":"https:\/\/beta.alpscigar.com\/zh\/wp-json\/wp\/v2\/media\/65394"}],"wp:attachment":[{"href":"https:\/\/beta.alpscigar.com\/zh\/wp-json\/wp\/v2\/media?parent=65396"}],"wp:term":[{"taxonomy":"product_cat","embeddable":true,"href":"https:\/\/beta.alpscigar.com\/zh\/wp-json\/wp\/v2\/product_cat?post=65396"},{"taxonomy":"product_tag","embeddable":true,"href":"https:\/\/beta.alpscigar.com\/zh\/wp-json\/wp\/v2\/product_tag?post=65396"}],"curies":[{"name":"wp","href":"https:\/\/api.w.org\/{rel}","templated":true}]}}