{"id":65417,"date":"2022-04-29T08:23:01","date_gmt":"2022-04-29T07:23:01","guid":{"rendered":"https:\/\/alpscigar.com\/?post_type=product&#038;p=65417"},"modified":"2023-11-28T11:04:40","modified_gmt":"2023-11-28T10:04:40","slug":"griffins-300-cello-box-25","status":"publish","type":"product","link":"https:\/\/beta.alpscigar.com\/zh\/shop\/dominican-cigars\/griffins\/griffins-300-cello-box-25\/","title":{"rendered":"\u72ee\u9e6b 300 \u73bb\u7483\u76d2 (25)"},"content":{"rendered":"<p>Le cigare Griffins 300 cello box est un module d&rsquo;apparence plaisante. L&rsquo;allumage ouvre la d\u00e9gustation sur des sensations suaves s\u00e9duisantes. Les ar\u00f4mes herbac\u00e9s s&rsquo;installent rapidement, accompagn\u00e9s par quelques touches d&rsquo;humus et de noisettes grill\u00e9es. Les deuxi\u00e8me et troisi\u00e8me tiers ronronnent et m\u00e8nent vers un final rythm\u00e9.<\/p>","protected":false},"excerpt":{"rendered":"<p>\u6bcf\u76d2 25 \u652f\u3002<\/p>","protected":false},"featured_media":65415,"template":"","meta":{"_acf_changed":false},"product_cat":[29841,24791,21990,24719,23555],"product_tag":[],"bundled_by":[],"bundle_stock_status":"instock","bundle_stock_quantity":null,"bundle_virtual":false,"bundle_layout":"","bundle_add_to_cart_form_location":"","bundle_editable_in_cart":false,"bundle_sold_individually_context":"","bundle_item_grouping":"","bundle_min_size":"","bundle_max_size":"","bundled_items":[],"acf":[],"_links":{"self":[{"href":"https:\/\/beta.alpscigar.com\/zh\/wp-json\/wp\/v2\/product\/65417"}],"collection":[{"href":"https:\/\/beta.alpscigar.com\/zh\/wp-json\/wp\/v2\/product"}],"about":[{"href":"https:\/\/beta.alpscigar.com\/zh\/wp-json\/wp\/v2\/types\/product"}],"wp:featuredmedia":[{"embeddable":true,"href":"https:\/\/beta.alpscigar.com\/zh\/wp-json\/wp\/v2\/media\/65415"}],"wp:attachment":[{"href":"https:\/\/beta.alpscigar.com\/zh\/wp-json\/wp\/v2\/media?parent=65417"}],"wp:term":[{"taxonomy":"product_cat","embeddable":true,"href":"https:\/\/beta.alpscigar.com\/zh\/wp-json\/wp\/v2\/product_cat?post=65417"},{"taxonomy":"product_tag","embeddable":true,"href":"https:\/\/beta.alpscigar.com\/zh\/wp-json\/wp\/v2\/product_tag?post=65417"}],"curies":[{"name":"wp","href":"https:\/\/api.w.org\/{rel}","templated":true}]}}