{"id":65438,"date":"2022-04-29T08:28:10","date_gmt":"2022-04-29T07:28:10","guid":{"rendered":"https:\/\/alpscigar.com\/?post_type=product&#038;p=65438"},"modified":"2023-11-28T11:13:41","modified_gmt":"2023-11-28T10:13:41","slug":"griffins-200-cello-etui-5","status":"publish","type":"product","link":"https:\/\/beta.alpscigar.com\/zh\/shop\/dominican-cigars\/griffins\/griffins-200-cello-etui-5\/","title":{"rendered":"Griffins 200 cello etui (5)"},"content":{"rendered":"<p>Le Griffins 200 cello etui contient des ar\u00f4mes \u00e0 cru fortement menthol\u00e9s. La l\u00e9g\u00e8re \u00e2cret\u00e9, perceptible en d\u00e9but de fumage, s\u2019estompe assez vite pour une ligne olfactive \u00e0 la fois bois\u00e9e et herbac\u00e9e qui est typique de l\u2019Olor Dominicano. Dot\u00e9 d\u2019une puissance plut\u00f4t correcte et de nuances miell\u00e9es, ce Lonsdale est agr\u00e9able au palais.<\/p>","protected":false},"excerpt":{"rendered":"<p>\u6bcf\u7bb1 5 \u652f\u96ea\u8304\u3002<\/p>","protected":false},"featured_media":65436,"template":"","meta":{"_acf_changed":false},"product_cat":[29841,24791,21990,24719,23555],"product_tag":[],"bundled_by":[],"bundle_stock_status":"instock","bundle_stock_quantity":null,"bundle_virtual":false,"bundle_layout":"","bundle_add_to_cart_form_location":"","bundle_editable_in_cart":false,"bundle_sold_individually_context":"","bundle_item_grouping":"","bundle_min_size":"","bundle_max_size":"","bundled_items":[],"acf":[],"_links":{"self":[{"href":"https:\/\/beta.alpscigar.com\/zh\/wp-json\/wp\/v2\/product\/65438"}],"collection":[{"href":"https:\/\/beta.alpscigar.com\/zh\/wp-json\/wp\/v2\/product"}],"about":[{"href":"https:\/\/beta.alpscigar.com\/zh\/wp-json\/wp\/v2\/types\/product"}],"wp:featuredmedia":[{"embeddable":true,"href":"https:\/\/beta.alpscigar.com\/zh\/wp-json\/wp\/v2\/media\/65436"}],"wp:attachment":[{"href":"https:\/\/beta.alpscigar.com\/zh\/wp-json\/wp\/v2\/media?parent=65438"}],"wp:term":[{"taxonomy":"product_cat","embeddable":true,"href":"https:\/\/beta.alpscigar.com\/zh\/wp-json\/wp\/v2\/product_cat?post=65438"},{"taxonomy":"product_tag","embeddable":true,"href":"https:\/\/beta.alpscigar.com\/zh\/wp-json\/wp\/v2\/product_tag?post=65438"}],"curies":[{"name":"wp","href":"https:\/\/api.w.org\/{rel}","templated":true}]}}