{"id":65444,"date":"2022-04-29T08:28:29","date_gmt":"2022-04-29T07:28:29","guid":{"rendered":"https:\/\/alpscigar.com\/?post_type=product&#038;p=65444"},"modified":"2023-11-28T11:12:00","modified_gmt":"2023-11-28T10:12:00","slug":"griffins-300-cello-etui-5","status":"publish","type":"product","link":"https:\/\/beta.alpscigar.com\/zh\/shop\/dominican-cigars\/griffins\/griffins-300-cello-etui-5\/","title":{"rendered":"\u683c\u91cc\u82ac\u65af 300 \u5927\u63d0\u7434\u76d2 (5)"},"content":{"rendered":"<p>Le cigare Griffins 300 cello etui est un module d&rsquo;apparence plaisante. L&rsquo;allumage ouvre la d\u00e9gustation sur des sensations suaves s\u00e9duisantes. Les ar\u00f4mes herbac\u00e9s s&rsquo;installent rapidement, accompagn\u00e9s par quelques touches d&rsquo;humus et de noisettes grill\u00e9es. Les deuxi\u00e8me et troisi\u00e8me tiers ronronnent et m\u00e8nent vers un final rythm\u00e9.<\/p>","protected":false},"excerpt":{"rendered":"<p>\u6bcf\u7bb1 5 \u652f\u96ea\u8304\u3002<\/p>","protected":false},"featured_media":65442,"template":"","meta":{"_acf_changed":false},"product_cat":[29841,24791,21990,24719,23555],"product_tag":[],"bundled_by":[],"bundle_stock_status":"instock","bundle_stock_quantity":null,"bundle_virtual":false,"bundle_layout":"","bundle_add_to_cart_form_location":"","bundle_editable_in_cart":false,"bundle_sold_individually_context":"","bundle_item_grouping":"","bundle_min_size":"","bundle_max_size":"","bundled_items":[],"acf":[],"_links":{"self":[{"href":"https:\/\/beta.alpscigar.com\/zh\/wp-json\/wp\/v2\/product\/65444"}],"collection":[{"href":"https:\/\/beta.alpscigar.com\/zh\/wp-json\/wp\/v2\/product"}],"about":[{"href":"https:\/\/beta.alpscigar.com\/zh\/wp-json\/wp\/v2\/types\/product"}],"wp:featuredmedia":[{"embeddable":true,"href":"https:\/\/beta.alpscigar.com\/zh\/wp-json\/wp\/v2\/media\/65442"}],"wp:attachment":[{"href":"https:\/\/beta.alpscigar.com\/zh\/wp-json\/wp\/v2\/media?parent=65444"}],"wp:term":[{"taxonomy":"product_cat","embeddable":true,"href":"https:\/\/beta.alpscigar.com\/zh\/wp-json\/wp\/v2\/product_cat?post=65444"},{"taxonomy":"product_tag","embeddable":true,"href":"https:\/\/beta.alpscigar.com\/zh\/wp-json\/wp\/v2\/product_tag?post=65444"}],"curies":[{"name":"wp","href":"https:\/\/api.w.org\/{rel}","templated":true}]}}