{"id":65454,"date":"2022-04-29T08:29:34","date_gmt":"2022-04-29T07:29:34","guid":{"rendered":"https:\/\/alpscigar.com\/?post_type=product&#038;p=65454"},"modified":"2023-11-28T11:09:14","modified_gmt":"2023-11-28T10:09:14","slug":"griffins-400-cello-etui-5","status":"publish","type":"product","link":"https:\/\/beta.alpscigar.com\/zh\/shop\/dominican-cigars\/griffins\/griffins-400-cello-etui-5\/","title":{"rendered":"\u683c\u91cc\u82ac\u65af 400 \u5927\u63d0\u7434\u76d2 (5)"},"content":{"rendered":"<p>Le toucher compact, un roulage assez dense. Apr\u00e8s quelques bouff\u00e9es, le Griffins 400 cello etui offre quelques notes v\u00e9g\u00e9tales. La fum\u00e9e est l\u00e9g\u00e8re, assez go\u00fbteuse.<\/p>","protected":false},"excerpt":{"rendered":"<p>\u6bcf\u7bb1 5 \u652f\u96ea\u8304\u3002<\/p>","protected":false},"featured_media":65452,"template":"","meta":{"_acf_changed":false},"product_cat":[29841,24791,21990,24719,23555],"product_tag":[],"bundled_by":[],"bundle_stock_status":"instock","bundle_stock_quantity":null,"bundle_virtual":false,"bundle_layout":"","bundle_add_to_cart_form_location":"","bundle_editable_in_cart":false,"bundle_sold_individually_context":"","bundle_item_grouping":"","bundle_min_size":"","bundle_max_size":"","bundled_items":[],"acf":[],"_links":{"self":[{"href":"https:\/\/beta.alpscigar.com\/zh\/wp-json\/wp\/v2\/product\/65454"}],"collection":[{"href":"https:\/\/beta.alpscigar.com\/zh\/wp-json\/wp\/v2\/product"}],"about":[{"href":"https:\/\/beta.alpscigar.com\/zh\/wp-json\/wp\/v2\/types\/product"}],"wp:featuredmedia":[{"embeddable":true,"href":"https:\/\/beta.alpscigar.com\/zh\/wp-json\/wp\/v2\/media\/65452"}],"wp:attachment":[{"href":"https:\/\/beta.alpscigar.com\/zh\/wp-json\/wp\/v2\/media?parent=65454"}],"wp:term":[{"taxonomy":"product_cat","embeddable":true,"href":"https:\/\/beta.alpscigar.com\/zh\/wp-json\/wp\/v2\/product_cat?post=65454"},{"taxonomy":"product_tag","embeddable":true,"href":"https:\/\/beta.alpscigar.com\/zh\/wp-json\/wp\/v2\/product_tag?post=65454"}],"curies":[{"name":"wp","href":"https:\/\/api.w.org\/{rel}","templated":true}]}}