{"id":65493,"date":"2022-04-29T08:42:40","date_gmt":"2022-04-29T07:42:40","guid":{"rendered":"https:\/\/alpscigar.com\/?post_type=product&#038;p=65493"},"modified":"2023-11-28T11:10:28","modified_gmt":"2023-11-28T10:10:28","slug":"griffins-gran-robusto-etui-4","status":"publish","type":"product","link":"https:\/\/beta.alpscigar.com\/zh\/shop\/dominican-cigars\/griffins\/griffins-gran-robusto-etui-4\/","title":{"rendered":"Griffins Gran Robusto etui (4)"},"content":{"rendered":"<p>Le Griffins Gran Robusto est un magnifique Robusto extra large de Griffin&rsquo;s. Notes de c\u00e8dre, accompagn\u00e9es d&rsquo;une douceur miell\u00e9e d\u00e9licate, terreuse, \u00e9pic\u00e9e et cr\u00e9meuse. Un classique parmi les douceurs.<\/p>","protected":false},"excerpt":{"rendered":"<p>\u4e00\u7bb1 4 \u652f\u96ea\u8304\u3002<\/p>","protected":false},"featured_media":65491,"template":"","meta":{"_acf_changed":false},"product_cat":[29841,24791,21990,24719,23555],"product_tag":[],"bundled_by":[],"bundle_stock_status":"instock","bundle_stock_quantity":null,"bundle_virtual":false,"bundle_layout":"","bundle_add_to_cart_form_location":"","bundle_editable_in_cart":false,"bundle_sold_individually_context":"","bundle_item_grouping":"","bundle_min_size":"","bundle_max_size":"","bundled_items":[],"acf":[],"_links":{"self":[{"href":"https:\/\/beta.alpscigar.com\/zh\/wp-json\/wp\/v2\/product\/65493"}],"collection":[{"href":"https:\/\/beta.alpscigar.com\/zh\/wp-json\/wp\/v2\/product"}],"about":[{"href":"https:\/\/beta.alpscigar.com\/zh\/wp-json\/wp\/v2\/types\/product"}],"wp:featuredmedia":[{"embeddable":true,"href":"https:\/\/beta.alpscigar.com\/zh\/wp-json\/wp\/v2\/media\/65491"}],"wp:attachment":[{"href":"https:\/\/beta.alpscigar.com\/zh\/wp-json\/wp\/v2\/media?parent=65493"}],"wp:term":[{"taxonomy":"product_cat","embeddable":true,"href":"https:\/\/beta.alpscigar.com\/zh\/wp-json\/wp\/v2\/product_cat?post=65493"},{"taxonomy":"product_tag","embeddable":true,"href":"https:\/\/beta.alpscigar.com\/zh\/wp-json\/wp\/v2\/product_tag?post=65493"}],"curies":[{"name":"wp","href":"https:\/\/api.w.org\/{rel}","templated":true}]}}