{"id":65516,"date":"2022-04-29T08:45:44","date_gmt":"2022-04-29T07:45:44","guid":{"rendered":"https:\/\/alpscigar.com\/?post_type=product&#038;p=65516"},"modified":"2023-11-28T11:07:32","modified_gmt":"2023-11-28T10:07:32","slug":"griffins-perfecto-cello-box-25","status":"publish","type":"product","link":"https:\/\/beta.alpscigar.com\/zh\/shop\/dominican-cigars\/griffins\/griffins-perfecto-cello-box-25\/","title":{"rendered":"\u683c\u91cc\u82ac\u65af\u5b8c\u7f8e\u5927\u63d0\u7434\u76d2\uff0825\uff09"},"content":{"rendered":"<p>Le Griffins Perfecto Cello box est un perfecto parfaitement construit avec une tr\u00e8s belle cape. Notes de bois de santal, accompagn\u00e9es d&rsquo;une l\u00e9g\u00e8re douceur miell\u00e9e, d\u00e9licate, terreuse, \u00e9pic\u00e9e et cr\u00e9meuse.<\/p>","protected":false},"excerpt":{"rendered":"<p>\u683c\u91cc\u82ac\u65af\u5b8c\u7f8e\u5927\u63d0\u7434\u76d2<\/p>","protected":false},"featured_media":65514,"template":"","meta":{"_acf_changed":false},"product_cat":[29841,24791,21990,24719,23555],"product_tag":[],"bundled_by":[],"bundle_stock_status":"instock","bundle_stock_quantity":null,"bundle_virtual":false,"bundle_layout":"","bundle_add_to_cart_form_location":"","bundle_editable_in_cart":false,"bundle_sold_individually_context":"","bundle_item_grouping":"","bundle_min_size":"","bundle_max_size":"","bundled_items":[],"acf":[],"_links":{"self":[{"href":"https:\/\/beta.alpscigar.com\/zh\/wp-json\/wp\/v2\/product\/65516"}],"collection":[{"href":"https:\/\/beta.alpscigar.com\/zh\/wp-json\/wp\/v2\/product"}],"about":[{"href":"https:\/\/beta.alpscigar.com\/zh\/wp-json\/wp\/v2\/types\/product"}],"wp:featuredmedia":[{"embeddable":true,"href":"https:\/\/beta.alpscigar.com\/zh\/wp-json\/wp\/v2\/media\/65514"}],"wp:attachment":[{"href":"https:\/\/beta.alpscigar.com\/zh\/wp-json\/wp\/v2\/media?parent=65516"}],"wp:term":[{"taxonomy":"product_cat","embeddable":true,"href":"https:\/\/beta.alpscigar.com\/zh\/wp-json\/wp\/v2\/product_cat?post=65516"},{"taxonomy":"product_tag","embeddable":true,"href":"https:\/\/beta.alpscigar.com\/zh\/wp-json\/wp\/v2\/product_tag?post=65516"}],"curies":[{"name":"wp","href":"https:\/\/api.w.org\/{rel}","templated":true}]}}